{"id":167,"date":"2017-12-07T17:25:08","date_gmt":"2017-12-07T16:25:08","guid":{"rendered":"http:\/\/europlasma-industries.com\/accueil\/"},"modified":"2024-01-03T15:53:34","modified_gmt":"2024-01-03T14:53:34","slug":"home","status":"publish","type":"page","link":"https:\/\/europlasma-industries.com\/en\/","title":{"rendered":"Home"},"content":{"rendered":"<p>[vc_row unlock_row_content=&#8221;yes&#8221; row_height_percent=&#8221;0&#8243; overlay_alpha=&#8221;50&#8243; gutter_size=&#8221;3&#8243; column_width_percent=&#8221;100&#8243; border_color=&#8221;color-136734&#8243; border_style=&#8221;solid&#8221; shift_y=&#8221;0&#8243; z_index=&#8221;0&#8243; css=&#8221;.vc_custom_1512738718026{margin-top: 0px !important;margin-bottom: 0px !important;border-bottom-width: 5px !important;padding-top: 0px !important;padding-right: 0px !important;padding-bottom: 0px !important;padding-left: 0px !important;}&#8221;][vc_column width=&#8221;1\/1&#8243;]<link href=\"https:\/\/fonts.googleapis.com\/css?family=Ubuntu:400\" rel=\"stylesheet\" property=\"stylesheet\" type=\"text\/css\" media=\"all\">\n<div id=\"rev_slider_2_1_wrapper\" class=\"rev_slider_wrapper fullwidthbanner-container\" data-source=\"gallery\" style=\"margin:0px auto;background:transparent;padding:0px;margin-top:0px;margin-bottom:0px;\">\n<!-- START REVOLUTION SLIDER 5.4.6.3.1 auto mode -->\n\t<div id=\"rev_slider_2_1\" class=\"rev_slider fullwidthabanner\" style=\"display:none;\" data-version=\"5.4.6.3.1\">\n<ul>\t<!-- SLIDE  -->\n\t<li data-index=\"rs-2\" data-transition=\"fade\" data-slotamount=\"default\" data-hideafterloop=\"0\" data-hideslideonmobile=\"off\"  data-easein=\"default\" data-easeout=\"default\" data-masterspeed=\"300\"  data-rotate=\"0\"  data-saveperformance=\"off\"  data-title=\"Slide\" data-param1=\"\" data-param2=\"\" data-param3=\"\" data-param4=\"\" data-param5=\"\" data-param6=\"\" data-param7=\"\" data-param8=\"\" data-param9=\"\" data-param10=\"\" data-description=\"\">\n\t\t<!-- MAIN IMAGE -->\n\t\t<img src=\"https:\/\/europlasma-industries.com\/wp-content\/uploads\/2017\/12\/europlasma_industries_home_slider.jpg\"  alt=\"Europlasma Industries\" title=\"Europlasma Industries\"  width=\"1581\" height=\"544\" data-bgposition=\"center center\" data-bgfit=\"cover\" data-bgrepeat=\"no-repeat\" class=\"rev-slidebg\" data-no-retina>\n\t\t<!-- LAYERS -->\n\n\t\t<!-- LAYER NR. 1 -->\n\t\t<div class=\"tp-caption tp-shape tp-shapewrapper  tp-resizeme\" \n\t\t\t id=\"slide-2-layer-1\" \n\t\t\t data-x=\"['left','left','left','left']\" data-hoffset=\"['0','0','0','0']\" \n\t\t\t data-y=\"['middle','middle','middle','middle']\" data-voffset=\"['0','0','0','0']\" \n\t\t\t\t\t\tdata-fontweight=\"['100','100','100','400']\"\n\t\t\tdata-width=\"['957','957','957','484']\"\n\t\t\tdata-height=\"['258','258','258','435']\"\n\t\t\tdata-whitespace=\"nowrap\"\n \n\t\t\tdata-type=\"shape\" \n\t\t\tdata-responsive_offset=\"on\" \n\n\t\t\tdata-frames='[{\"delay\":10,\"speed\":300,\"frame\":\"0\",\"from\":\"opacity:0;\",\"to\":\"o:1;\",\"ease\":\"Power3.easeInOut\"},{\"delay\":\"wait\",\"speed\":300,\"frame\":\"999\",\"to\":\"opacity:0;\",\"ease\":\"Power3.easeInOut\"}]'\n\t\t\tdata-textAlign=\"['inherit','inherit','inherit','inherit']\"\n\t\t\tdata-paddingtop=\"[0,0,0,0]\"\n\t\t\tdata-paddingright=\"[0,0,0,0]\"\n\t\t\tdata-paddingbottom=\"[0,0,0,0]\"\n\t\t\tdata-paddingleft=\"[0,0,0,0]\"\n\n\t\t\tstyle=\"z-index: 5;background-color:rgba(255,255,255,0.85);\"> <\/div>\n\n\t\t<!-- LAYER NR. 2 -->\n\t\t<h2 class=\"tp-caption   tp-resizeme\" \n\t\t\t id=\"slide-2-layer-2\" \n\t\t\t data-x=\"['left','left','left','center']\" data-hoffset=\"['182','182','182','0']\" \n\t\t\t data-y=\"['middle','middle','middle','middle']\" data-voffset=\"['0','0','0','0']\" \n\t\t\t\t\t\tdata-width=\"['none','none','none','362']\"\n\t\t\tdata-height=\"none\"\n\t\t\tdata-whitespace=\"['nowrap','nowrap','nowrap','normal']\"\n \n\t\t\tdata-type=\"text\" \n\t\t\tdata-responsive_offset=\"on\" \n\n\t\t\tdata-frames='[{\"delay\":10,\"speed\":300,\"frame\":\"0\",\"from\":\"opacity:0;\",\"to\":\"o:1;\",\"ease\":\"Power3.easeInOut\"},{\"delay\":\"wait\",\"speed\":300,\"frame\":\"999\",\"to\":\"opacity:0;\",\"ease\":\"Power3.easeInOut\"}]'\n\t\t\tdata-textAlign=\"['inherit','inherit','inherit','inherit']\"\n\t\t\tdata-paddingtop=\"[0,0,0,0]\"\n\t\t\tdata-paddingright=\"[0,0,0,0]\"\n\t\t\tdata-paddingbottom=\"[0,0,0,0]\"\n\t\t\tdata-paddingleft=\"[0,0,0,0]\"\n\n\t\t\tstyle=\"z-index: 6; white-space: nowrap; font-size: 30px; line-height: 35px; font-weight: 400; color: #1e3640; letter-spacing: 0px;font-family:Ubuntu;text-transform:uppercase;\"><strong>Europlasma Industries develops,<br\/>\nconstructs and operates high <br\/>\ntemperature industrial processes using<br\/>\n its own proprietary tool:<\/strong> the plasma torch. <\/h2>\n\t<\/li>\n<\/ul>\n<div class=\"tp-bannertimer tp-bottom\" style=\"visibility: hidden !important;\"><\/div>\t<\/div>\n<script>var htmlDiv = document.getElementById(\"rs-plugin-settings-inline-css\"); var htmlDivCss=\"\";\r\n\t\t\t\tif(htmlDiv) {\r\n\t\t\t\t\thtmlDiv.innerHTML = htmlDiv.innerHTML + htmlDivCss;\r\n\t\t\t\t}else{\r\n\t\t\t\t\tvar htmlDiv = document.createElement(\"div\");\r\n\t\t\t\t\thtmlDiv.innerHTML = \"<style>\" + htmlDivCss + \"<\/style>\";\r\n\t\t\t\t\tdocument.getElementsByTagName(\"head\")[0].appendChild(htmlDiv.childNodes[0]);\r\n\t\t\t\t}\r\n\t\t\t<\/script>\n\t\t<script type=\"text\/javascript\">\r\nsetREVStartSize({c: jQuery('#rev_slider_2_1'), responsiveLevels: [1240,1240,1240,480], gridwidth: [1581,1581,1581,480], gridheight: [545,545,545,720], sliderLayout: 'auto'});\r\n\t\t\t\r\nvar revapi2,\r\n\ttpj=jQuery;\r\n\t\t\t\r\ntpj(document).ready(function() {\n\tif(tpj(\"#rev_slider_2_1\").revolution == undefined){\n\t\trevslider_showDoubleJqueryError(\"#rev_slider_2_1\");\n\t}else{\n\t\trevapi2 = tpj(\"#rev_slider_2_1\").show().revolution({\n\t\t\tsliderType:\"standard\",\n\t\t\tjsFileLocation:\"\/\/europlasma-industries.com\/wp-content\/plugins\/revslider\/public\/assets\/js\/\",\n\t\t\tsliderLayout:\"auto\",\n\t\t\tdottedOverlay:\"none\",\n\t\t\tdelay:9000,\n\t\t\tnavigation: {\n\t\t\t\tonHoverStop:\"off\",\n\t\t\t},\n\t\t\tresponsiveLevels:[1240,1240,1240,480],\n\t\t\tvisibilityLevels:[1240,1240,1240,480],\n\t\t\tgridwidth:[1581,1581,1581,480],\n\t\t\tgridheight:[545,545,545,720],\n\t\t\tlazyType:\"none\",\n\t\t\tshadow:0,\n\t\t\tspinner:\"spinner0\",\n\t\t\tstopLoop:\"off\",\n\t\t\tstopAfterLoops:-1,\n\t\t\tstopAtSlide:-1,\n\t\t\tshuffle:\"off\",\n\t\t\tautoHeight:\"off\",\n\t\t\tdisableProgressBar:\"on\",\n\t\t\thideThumbsOnMobile:\"off\",\n\t\t\thideSliderAtLimit:0,\n\t\t\thideCaptionAtLimit:0,\n\t\t\thideAllCaptionAtLilmit:0,\n\t\t\tdebugMode:false,\n\t\t\tfallbacks: {\n\t\t\t\tsimplifyAll:\"off\",\n\t\t\t\tnextSlideOnWindowFocus:\"off\",\n\t\t\t\tdisableFocusListener:false,\n\t\t\t}\n\t\t});\n\t}\n\t\n});\t\/*ready*\/\n<\/script>\r\n\t\t<\/div><!-- END REVOLUTION SLIDER -->[\/vc_column][\/vc_row][vc_row unlock_row=&#8221;&#8221; row_height_percent=&#8221;0&#8243; overlay_alpha=&#8221;50&#8243; gutter_size=&#8221;3&#8243; column_width_percent=&#8221;100&#8243; shift_y=&#8221;0&#8243; z_index=&#8221;0&#8243; css=&#8221;.vc_custom_1512747124403{margin-top: 66px !important;}&#8221; row_name=&#8221;metierssolutions&#8221;][vc_column column_width_percent=&#8221;100&#8243; align_horizontal=&#8221;align_center&#8221; overlay_alpha=&#8221;50&#8243; gutter_size=&#8221;3&#8243; medium_width=&#8221;0&#8243; mobile_width=&#8221;0&#8243; shift_x=&#8221;0&#8243; shift_y=&#8221;0&#8243; shift_y_down=&#8221;0&#8243; z_index=&#8221;0&#8243; width=&#8221;1\/1&#8243;][vc_icon display=&#8221;inline&#8221; icon_image=&#8221;41&#8243; heading_semantic=&#8221;h1&#8243; text_size=&#8221;h1&#8243; text_weight=&#8221;300&#8243; text_lead=&#8221;yes&#8221; text_reduced=&#8221;yes&#8221; css_animation=&#8221;bottom-t-top&#8221; el_class=&#8221;h1-icon-home&#8221; link=&#8221;url:%23metierssolutions|||&#8221;][\/vc_icon][vc_custom_heading heading_semantic=&#8221;h1&#8243; text_size=&#8221;h1&#8243; text_weight=&#8221;300&#8243; text_transform=&#8221;uppercase&#8221; text_color=&#8221;color-259988&#8243; sub_reduced=&#8221;yes&#8221; css_animation=&#8221;top-t-bottom&#8221; el_class=&#8221;margin-0 padding-0 margin-top-10&#8243;]Discover<br \/>\n<strong>our businesses and solutions<\/strong>[\/vc_custom_heading][vc_row_inner row_inner_height_percent=&#8221;0&#8243; overlay_alpha=&#8221;50&#8243; equal_height=&#8221;yes&#8221; gutter_size=&#8221;3&#8243; shift_y=&#8221;0&#8243; z_index=&#8221;0&#8243; css=&#8221;.vc_custom_1503405625083{margin-top: 50px !important;margin-bottom: 110px !important;padding-top: 0px !important;padding-right: 0px !important;padding-bottom: 0px !important;padding-left: 0px !important;}&#8221; el_class=&#8221;home-blocks&#8221;][vc_column_inner column_width_percent=&#8221;100&#8243; gutter_size=&#8221;0&#8243; back_color=&#8221;color-xsdn&#8221; overlay_alpha=&#8221;50&#8243; medium_width=&#8221;3&#8243; mobile_width=&#8221;0&#8243; shift_x=&#8221;0&#8243; shift_y=&#8221;0&#8243; shift_y_down=&#8221;0&#8243; z_index=&#8221;0&#8243; width=&#8221;1\/3&#8243; css=&#8221;.vc_custom_1504642948643{padding-top: 0px !important;padding-right: 0px !important;padding-bottom: 0px !important;padding-left: 0px !important;}&#8221;][vc_single_image media=&#8221;34&#8243; media_width_percent=&#8221;100&#8243; alignment=&#8221;center&#8221; css_animation=&#8221;left-t-right&#8221;][vc_custom_heading text_weight=&#8221;700&#8243; text_transform=&#8221;uppercase&#8221; text_color=&#8221;color-259988&#8243; sub_reduced=&#8221;yes&#8221; css_animation=&#8221;left-t-right&#8221; el_class=&#8221;margin-0 padding-45-50&#8243;]Plasma solutions for hazardous waste[\/vc_custom_heading][vc_button button_color=&#8221;color-136734&#8243; radius=&#8221;btn-round&#8221; hover_fx=&#8221;full-colored&#8221; shadow=&#8221;yes&#8221; custom_typo=&#8221;yes&#8221; font_family=&#8221;font-167128&#8243; font_weight=&#8221;700&#8243; text_transform=&#8221;uppercase&#8221; border_width=&#8221;0&#8243; icon_position=&#8221;right&#8221; display=&#8221;inline&#8221; css_animation=&#8221;bottom-t-top&#8221; icon=&#8221;fa fa-long-arrow-right&#8221; link=&#8221;url:https%3A%2F%2Feuroplasma-industries.com%2Fnotre-offre%2F%3Flang%3Den%23solution-dechets|||&#8221;]Read more[\/vc_button][\/vc_column_inner][vc_column_inner column_width_percent=&#8221;100&#8243; gutter_size=&#8221;3&#8243; back_color=&#8221;color-xsdn&#8221; overlay_alpha=&#8221;50&#8243; medium_width=&#8221;3&#8243; mobile_width=&#8221;0&#8243; shift_x=&#8221;0&#8243; shift_y=&#8221;0&#8243; shift_y_down=&#8221;0&#8243; z_index=&#8221;0&#8243; width=&#8221;1\/3&#8243; css=&#8221;.vc_custom_1504642958154{padding-top: 0px !important;padding-right: 0px !important;padding-bottom: 0px !important;padding-left: 0px !important;}&#8221;][vc_single_image media=&#8221;36&#8243; media_width_percent=&#8221;100&#8243; alignment=&#8221;center&#8221; css_animation=&#8221;bottom-t-top&#8221;][vc_custom_heading text_weight=&#8221;700&#8243; text_transform=&#8221;uppercase&#8221; text_color=&#8221;color-259988&#8243; sub_reduced=&#8221;yes&#8221; css_animation=&#8221;bottom-t-top&#8221; el_class=&#8221;margin-0 padding-45-50&#8243;]Plasma solutions for gases[\/vc_custom_heading][vc_button button_color=&#8221;color-136734&#8243; radius=&#8221;btn-round&#8221; hover_fx=&#8221;full-colored&#8221; shadow=&#8221;yes&#8221; custom_typo=&#8221;yes&#8221; font_family=&#8221;font-167128&#8243; font_weight=&#8221;700&#8243; text_transform=&#8221;uppercase&#8221; border_width=&#8221;0&#8243; icon_position=&#8221;right&#8221; display=&#8221;inline&#8221; css_animation=&#8221;bottom-t-top&#8221; icon=&#8221;fa fa-long-arrow-right&#8221; link=&#8221;url:https%3A%2F%2Feuroplasma-industries.com%2Fnotre-offre%2F%3Flang%3Den%23solution-gaz|||&#8221;]Read more[\/vc_button][\/vc_column_inner][vc_column_inner column_width_percent=&#8221;100&#8243; gutter_size=&#8221;3&#8243; back_color=&#8221;color-xsdn&#8221; overlay_alpha=&#8221;50&#8243; medium_width=&#8221;3&#8243; mobile_width=&#8221;0&#8243; shift_x=&#8221;0&#8243; shift_y=&#8221;0&#8243; shift_y_down=&#8221;0&#8243; z_index=&#8221;0&#8243; width=&#8221;1\/3&#8243; css=&#8221;.vc_custom_1504642968367{padding-top: 0px !important;padding-right: 0px !important;padding-bottom: 0px !important;padding-left: 0px !important;}&#8221;][vc_single_image media=&#8221;35&#8243; media_width_percent=&#8221;100&#8243; alignment=&#8221;center&#8221; css_animation=&#8221;right-t-left&#8221;][vc_custom_heading text_weight=&#8221;700&#8243; text_transform=&#8221;uppercase&#8221; text_color=&#8221;color-259988&#8243; sub_reduced=&#8221;yes&#8221; css_animation=&#8221;right-t-left&#8221; el_class=&#8221;margin-0 padding-45-50&#8243;]Research &amp; Development[\/vc_custom_heading][vc_button button_color=&#8221;color-136734&#8243; radius=&#8221;btn-round&#8221; hover_fx=&#8221;full-colored&#8221; shadow=&#8221;yes&#8221; custom_typo=&#8221;yes&#8221; font_family=&#8221;font-167128&#8243; font_weight=&#8221;700&#8243; text_transform=&#8221;uppercase&#8221; border_width=&#8221;0&#8243; icon_position=&#8221;right&#8221; display=&#8221;inline&#8221; css_animation=&#8221;bottom-t-top&#8221; icon=&#8221;fa fa-long-arrow-right&#8221; link=&#8221;url:https%3A%2F%2Feuroplasma-industries.com%2Frecherche-developpement%2F%3Flang%3Den|||&#8221;]Read more[\/vc_button][\/vc_column_inner][\/vc_row_inner][\/vc_column][\/vc_row]<\/p>\n","protected":false},"excerpt":{"rendered":"<p>[vc_row unlock_row_content=&#8221;yes&#8221; row_height_percent=&#8221;0&#8243; overlay_alpha=&#8221;50&#8243; gutter_size=&#8221;3&#8243; column_width_percent=&#8221;100&#8243; border_color=&#8221;color-136734&#8243; border_style=&#8221;solid&#8221; shift_y=&#8221;0&#8243; z_index=&#8221;0&#8243; css=&#8221;.vc_custom_1512738718026{margin-top: 0px !important;margin-bottom: 0px !important;border-bottom-width: 5px !important;padding-top: 0px !important;padding-right: 0px [&hellip;]<\/p>\n","protected":false},"author":1,"featured_media":0,"parent":0,"menu_order":0,"comment_status":"closed","ping_status":"closed","template":"","meta":[],"yoast_head":"<!-- This site is optimized with the Yoast SEO plugin v18.5.1 - https:\/\/yoast.com\/wordpress\/plugins\/seo\/ -->\n<title>Europlasma Industries, high temperature industrial processes<\/title>\n<meta name=\"description\" content=\"Europlasma Industries develops, constructs and operates high temperature industrial processes using its own proprietary tool : the plasma torch.\" \/>\n<meta name=\"robots\" content=\"index, follow, max-snippet:-1, max-image-preview:large, max-video-preview:-1\" \/>\n<link rel=\"canonical\" href=\"https:\/\/europlasma-industries.com\/en\/\" \/>\n<meta property=\"og:locale\" content=\"en_US\" \/>\n<meta property=\"og:type\" content=\"article\" \/>\n<meta property=\"og:title\" content=\"Europlasma Industries, high temperature industrial processes\" \/>\n<meta property=\"og:description\" content=\"Europlasma Industries develops, constructs and operates high temperature industrial processes using its own proprietary tool : the plasma torch.\" \/>\n<meta property=\"og:url\" content=\"https:\/\/europlasma-industries.com\/en\/\" \/>\n<meta property=\"og:site_name\" content=\"Europlasma Industries\" \/>\n<meta property=\"article:modified_time\" content=\"2024-01-03T14:53:34+00:00\" \/>\n<meta name=\"twitter:card\" content=\"summary_large_image\" \/>\n<meta name=\"twitter:label1\" content=\"Est. reading time\" \/>\n\t<meta name=\"twitter:data1\" content=\"3 minutes\" \/>\n<script type=\"application\/ld+json\" class=\"yoast-schema-graph\">{\"@context\":\"https:\/\/schema.org\",\"@graph\":[{\"@type\":\"WebSite\",\"@id\":\"https:\/\/europlasma-industries.com\/#website\",\"url\":\"https:\/\/europlasma-industries.com\/\",\"name\":\"Europlasma Industries\",\"description\":\"proc\u00e9d\u00e9s industriels hautes temp\u00e9ratures\",\"potentialAction\":[{\"@type\":\"SearchAction\",\"target\":{\"@type\":\"EntryPoint\",\"urlTemplate\":\"https:\/\/europlasma-industries.com\/?s={search_term_string}\"},\"query-input\":\"required name=search_term_string\"}],\"inLanguage\":\"en-US\"},{\"@type\":\"WebPage\",\"@id\":\"https:\/\/europlasma-industries.com\/en\/#webpage\",\"url\":\"https:\/\/europlasma-industries.com\/en\/\",\"name\":\"Europlasma Industries, high temperature industrial processes\",\"isPartOf\":{\"@id\":\"https:\/\/europlasma-industries.com\/#website\"},\"datePublished\":\"2017-12-07T16:25:08+00:00\",\"dateModified\":\"2024-01-03T14:53:34+00:00\",\"description\":\"Europlasma Industries develops, constructs and operates high temperature industrial processes using its own proprietary tool : the plasma torch.\",\"breadcrumb\":{\"@id\":\"https:\/\/europlasma-industries.com\/en\/#breadcrumb\"},\"inLanguage\":\"en-US\",\"potentialAction\":[{\"@type\":\"ReadAction\",\"target\":[\"https:\/\/europlasma-industries.com\/en\/\"]}]},{\"@type\":\"BreadcrumbList\",\"@id\":\"https:\/\/europlasma-industries.com\/en\/#breadcrumb\",\"itemListElement\":[{\"@type\":\"ListItem\",\"position\":1,\"name\":\"Accueil\",\"item\":\"https:\/\/europlasma-industries.com\/en\/\"},{\"@type\":\"ListItem\",\"position\":2,\"name\":\"Home\"}]}]}<\/script>\n<!-- \/ Yoast SEO plugin. -->","yoast_head_json":{"title":"Europlasma Industries, high temperature industrial processes","description":"Europlasma Industries develops, constructs and operates high temperature industrial processes using its own proprietary tool : the plasma torch.","robots":{"index":"index","follow":"follow","max-snippet":"max-snippet:-1","max-image-preview":"max-image-preview:large","max-video-preview":"max-video-preview:-1"},"canonical":"https:\/\/europlasma-industries.com\/en\/","og_locale":"en_US","og_type":"article","og_title":"Europlasma Industries, high temperature industrial processes","og_description":"Europlasma Industries develops, constructs and operates high temperature industrial processes using its own proprietary tool : the plasma torch.","og_url":"https:\/\/europlasma-industries.com\/en\/","og_site_name":"Europlasma Industries","article_modified_time":"2024-01-03T14:53:34+00:00","twitter_card":"summary_large_image","twitter_misc":{"Est. reading time":"3 minutes"},"schema":{"@context":"https:\/\/schema.org","@graph":[{"@type":"WebSite","@id":"https:\/\/europlasma-industries.com\/#website","url":"https:\/\/europlasma-industries.com\/","name":"Europlasma Industries","description":"proc\u00e9d\u00e9s industriels hautes temp\u00e9ratures","potentialAction":[{"@type":"SearchAction","target":{"@type":"EntryPoint","urlTemplate":"https:\/\/europlasma-industries.com\/?s={search_term_string}"},"query-input":"required name=search_term_string"}],"inLanguage":"en-US"},{"@type":"WebPage","@id":"https:\/\/europlasma-industries.com\/en\/#webpage","url":"https:\/\/europlasma-industries.com\/en\/","name":"Europlasma Industries, high temperature industrial processes","isPartOf":{"@id":"https:\/\/europlasma-industries.com\/#website"},"datePublished":"2017-12-07T16:25:08+00:00","dateModified":"2024-01-03T14:53:34+00:00","description":"Europlasma Industries develops, constructs and operates high temperature industrial processes using its own proprietary tool : the plasma torch.","breadcrumb":{"@id":"https:\/\/europlasma-industries.com\/en\/#breadcrumb"},"inLanguage":"en-US","potentialAction":[{"@type":"ReadAction","target":["https:\/\/europlasma-industries.com\/en\/"]}]},{"@type":"BreadcrumbList","@id":"https:\/\/europlasma-industries.com\/en\/#breadcrumb","itemListElement":[{"@type":"ListItem","position":1,"name":"Accueil","item":"https:\/\/europlasma-industries.com\/en\/"},{"@type":"ListItem","position":2,"name":"Home"}]}]}},"_links":{"self":[{"href":"https:\/\/europlasma-industries.com\/en\/wp-json\/wp\/v2\/pages\/167"}],"collection":[{"href":"https:\/\/europlasma-industries.com\/en\/wp-json\/wp\/v2\/pages"}],"about":[{"href":"https:\/\/europlasma-industries.com\/en\/wp-json\/wp\/v2\/types\/page"}],"author":[{"embeddable":true,"href":"https:\/\/europlasma-industries.com\/en\/wp-json\/wp\/v2\/users\/1"}],"replies":[{"embeddable":true,"href":"https:\/\/europlasma-industries.com\/en\/wp-json\/wp\/v2\/comments?post=167"}],"version-history":[{"count":18,"href":"https:\/\/europlasma-industries.com\/en\/wp-json\/wp\/v2\/pages\/167\/revisions"}],"predecessor-version":[{"id":691,"href":"https:\/\/europlasma-industries.com\/en\/wp-json\/wp\/v2\/pages\/167\/revisions\/691"}],"wp:attachment":[{"href":"https:\/\/europlasma-industries.com\/en\/wp-json\/wp\/v2\/media?parent=167"}],"curies":[{"name":"wp","href":"https:\/\/api.w.org\/{rel}","templated":true}]}}