{"id":170,"date":"2017-12-11T12:01:48","date_gmt":"2017-12-11T11:01:48","guid":{"rendered":"http:\/\/europlasma-industries.com\/mentions-legales\/"},"modified":"2021-10-04T15:57:00","modified_gmt":"2021-10-04T13:57:00","slug":"mentions-legales","status":"publish","type":"page","link":"https:\/\/europlasma-industries.com\/en\/mentions-legales\/","title":{"rendered":"Mentions L\u00e9gales"},"content":{"rendered":"<p>[vc_row][vc_column width=&#8221;1\/6&#8243;][\/vc_column][vc_column column_width_percent=&#8221;100&#8243; back_color=&#8221;color-xsdn&#8221; overlay_alpha=&#8221;50&#8243; gutter_size=&#8221;3&#8243; medium_width=&#8221;0&#8243; mobile_width=&#8221;0&#8243; shift_x=&#8221;0&#8243; shift_y=&#8221;0&#8243; shift_y_down=&#8221;0&#8243; z_index=&#8221;0&#8243; width=&#8221;4\/6&#8243;][vc_column_text]Le site www.europlasma-industries.com est \u00e9dit\u00e9 par Europlasma et d\u00e9clar\u00e9 \u00e0 la Cnil.<\/p>\n<h2>Europlasma industries<\/h2>\n<p>Europlasma SA &#8211; 471 Route de Cantegrit &#8211; BP 23 40 110 Morcenx-la-Nouvelle &#8211; France<br \/>\nT\u00e9l : +33 (0)5 56 49 70 00<br \/>\nDirecteur de la Publication : Anne BORD\u00c8RES<br \/>\nH\u00e9bergeur : Exalto \u2013 Acropole Business Center \u2013 4, rue Ren\u00e9 Martrenchar 33150 Cenon &#8211; +33 (0)5 56 32 62 63\u2013\u00a0<a href=\"http:\/\/www.ex-alto.com\/\" target=\"_blank\" rel=\"noopener\">www.ex-alto.com<\/a><br \/>\nConception &amp; d\u00e9veloppement : Tag digital \u2013 31 all\u00e9e de Tourny, 33000 Bordeaux \u2013\u00a0<a href=\"http:\/\/tag-digital.fr\/\" target=\"_blank\" rel=\"noopener\">tag-digital.fr<\/a><br \/>\nContact : Nous vous invitons \u00e0 nous contacter par courrier \u00e9lectronique \u00e0 l&#8217;adresse support@europlasma.com<br \/>\nCet e-mail est prot\u00e9g\u00e9 contre les robots collecteurs de mails, votre navigateur doit accepter le Javascript pour le voir ou par courrier postal pour toutes vos questions ou demandes d&#8217;information.<\/p>\n<h2>Liens Hypertextes<\/h2>\n<p>La cr\u00e9ation de lien hypertextes vers le site www.europlasma-industries.com est soumise \u00e0 l&#8217;accord pr\u00e9alable du Directeur de la Publication.<\/p>\n<h2>Donn\u00e9es personnelles<\/h2>\n<p>Toutes les donn\u00e9es recueillies sur le site www.europlasma-industries.com proviennent de l&#8217;enregistrement des coordonn\u00e9es des personnes les ayant directement communiqu\u00e9es \u00e0 Europlasma industries, afin de recevoir la lettre d&#8217;information de Europlasma industries ou de b\u00e9n\u00e9ficier des services et fonctionnalit\u00e9s propos\u00e9s par le site de Europlasma industries garantit que les informations enregistr\u00e9es sur le site sont trait\u00e9es de mani\u00e8re strictement confidentielle.<\/p>\n<h2>Finalit\u00e9<\/h2>\n<p>Les donn\u00e9es que vous nous communiquez sont n\u00e9cessaires au traitement de vos demandes d&#8217;information ou \u00e0 l&#8217;envoi de notre newsletter. D&#8217;autre part, elles nous permettent de mieux vous conna\u00eetre et de r\u00e9pondre aux besoins que vous nous aurez exprim\u00e9s.<\/p>\n<h2>Droit d&#8217;acc\u00e8s, de modification et de suppression<\/h2>\n<p>Conform\u00e9ment aux dispositions de la loi Informatique et Libert\u00e9s du 6 janvier 1978 et du R\u00e8glement UE 2016\/679 du Parlement europ\u00e9en et du Conseil du 27 avril 2016 relatif \u00e0 la protection des personnes physiques \u00e0 l&#8217;\u00e9gard du traitement des donn\u00e9es \u00e0 caract\u00e8re personnel et \u00e0 la libre circulation de ces donn\u00e9es (RGPD), vous disposez d&#8217;un droit d&#8217;acc\u00e8s, de rectification, de suppression aux donn\u00e9es vous concernant et vous pouvez \u00e0 tout moment demander votre d\u00e9sinscription.<\/p>\n<p>Pour cela il vous suffit de nous en faire la demande en vous adressant au responsable Europlasma des donn\u00e9es personnelles en ligne \u00e0 l&#8217;adresse url : dpo@europlasma.com.<br \/>\nCet e-mail est prot\u00e9g\u00e9 contre les robots collecteurs de mails, votre navigateur doit accepter le Javascript pour le voir ou par courrier postal en nous indiquant vos nom, pr\u00e9nom, adresse.<br \/>\nEuroplasma vous garantit qu&#8217;elle n&#8217;utilisera vos donn\u00e9es personnelles et les mettra \u00e9ventuellement \u00e0 la disposition de ses partenaires, membres ou tiers que si vous y avez consenti pr\u00e9alablement et express\u00e9ment, en conformit\u00e9 aux finalit\u00e9s pr\u00e9cis\u00e9es.<\/p>\n<h2>Donn\u00e9es collect\u00e9es \u00e0 l&#8217;occasion de la consultation du site<\/h2>\n<p>Notre site a recours \u00e0 des cookies internet afin de collecter des donn\u00e9es sur la date, les pages consult\u00e9es, le temps de consultation, ainsi que le fournisseur d&#8217;acc\u00e8s, le moteur de recherche, le lien \u00e0 l&#8217;origine de la consultation. Cette collecte permet d&#8217;am\u00e9liorer l&#8217;ergonomie de notre site, de simplifier votre acc\u00e8s \u00e0 notre site. Conform\u00e9ment aux dispositions du RGPD, vos donn\u00e9es vous appartiennent et vous disposez de la facult\u00e9 d&#8217;accepter ou de refuser l&#8217;activation de certains cookies lors de la consultation de notre site.<\/p>\n<h2>Propri\u00e9t\u00e9 intellectuelle<\/h2>\n<p>Europlasma est seul titulaire des droits d\u2019auteurs sur le contenu de son site www.europlasma-industries.com. Toute reproduction ou repr\u00e9sentation totale ou partielle, faite sans le consentement de Europlasma constitue une contrefa\u00e7on p\u00e9nalement sanctionn\u00e9e.<br \/>\nEuroplasma est titulaire des droits sur le logo de Europlasma industries. Toute reproduction totale ou partielle du logo sans le consentement de Europlasma constitue une contrefa\u00e7on p\u00e9nalement sanctionn\u00e9e.<\/p>\n<h2>Responsabilit\u00e9 quant aux liens hypertextes<\/h2>\n<p>Les liens hypertextes mis en oeuvre par Europlasma industries en direction d\u2019autres sites ne sauraient engager la responsabilit\u00e9 de Europlasma, qui garantit n&#8217;exercer aucun contr\u00f4le sur le contenu de ces sites. Europlasma ne pourrait \u00eatre responsable du fait des contenus de ces sites.<br \/>\nEuroplasma ne saurait garantir aux internautes l\u2019exactitude et la compl\u00e9tude des informations de toute nature fournies sur le site. En cons\u00e9quence, la responsabilit\u00e9 de Europlasma ne pourra \u00eatre engag\u00e9e du fait de l\u2019utilisation des informations fournies sur ce site.[\/vc_column_text][\/vc_column][vc_column width=&#8221;1\/6&#8243;][\/vc_column][\/vc_row]<\/p>\n","protected":false},"excerpt":{"rendered":"<p>[vc_row][vc_column width=&#8221;1\/6&#8243;][\/vc_column][vc_column column_width_percent=&#8221;100&#8243; back_color=&#8221;color-xsdn&#8221; overlay_alpha=&#8221;50&#8243; gutter_size=&#8221;3&#8243; medium_width=&#8221;0&#8243; mobile_width=&#8221;0&#8243; shift_x=&#8221;0&#8243; shift_y=&#8221;0&#8243; shift_y_down=&#8221;0&#8243; z_index=&#8221;0&#8243; width=&#8221;4\/6&#8243;][vc_column_text]Le site www.europlasma-industries.com est \u00e9dit\u00e9 par Europlasma et [&hellip;]<\/p>\n","protected":false},"author":1,"featured_media":73,"parent":0,"menu_order":0,"comment_status":"closed","ping_status":"closed","template":"","meta":[],"yoast_head":"<!-- This site is optimized with the Yoast SEO plugin v18.5.1 - https:\/\/yoast.com\/wordpress\/plugins\/seo\/ -->\n<title>Mentions L\u00e9gales - Europlasma Industries, proc\u00e9d\u00e9s industriels hautes temp\u00e9ratures<\/title>\n<meta name=\"robots\" content=\"index, follow, max-snippet:-1, max-image-preview:large, max-video-preview:-1\" \/>\n<link rel=\"canonical\" href=\"https:\/\/europlasma-industries.com\/en\/mentions-legales\/\" \/>\n<meta property=\"og:locale\" content=\"en_US\" \/>\n<meta property=\"og:type\" content=\"article\" \/>\n<meta property=\"og:title\" content=\"Mentions L\u00e9gales - Europlasma Industries, proc\u00e9d\u00e9s industriels hautes temp\u00e9ratures\" \/>\n<meta property=\"og:description\" content=\"[vc_row][vc_column width=&#8221;1\/6&#8243;][\/vc_column][vc_column column_width_percent=&#8221;100&#8243; back_color=&#8221;color-xsdn&#8221; overlay_alpha=&#8221;50&#8243; gutter_size=&#8221;3&#8243; medium_width=&#8221;0&#8243; mobile_width=&#8221;0&#8243; shift_x=&#8221;0&#8243; shift_y=&#8221;0&#8243; shift_y_down=&#8221;0&#8243; z_index=&#8221;0&#8243; width=&#8221;4\/6&#8243;][vc_column_text]Le site www.europlasma-industries.com est \u00e9dit\u00e9 par Europlasma et [&hellip;]\" \/>\n<meta property=\"og:url\" content=\"https:\/\/europlasma-industries.com\/en\/mentions-legales\/\" \/>\n<meta property=\"og:site_name\" content=\"Europlasma Industries\" \/>\n<meta property=\"article:modified_time\" content=\"2021-10-04T13:57:00+00:00\" \/>\n<meta property=\"og:image\" content=\"https:\/\/europlasma-industries.com\/wp-content\/uploads\/2017\/12\/europlasma_industries_contact_slider_02.jpg\" \/>\n\t<meta property=\"og:image:width\" content=\"1581\" \/>\n\t<meta property=\"og:image:height\" content=\"349\" \/>\n\t<meta property=\"og:image:type\" content=\"image\/jpeg\" \/>\n<meta name=\"twitter:card\" content=\"summary_large_image\" \/>\n<meta name=\"twitter:label1\" content=\"Est. reading time\" \/>\n\t<meta name=\"twitter:data1\" content=\"4 minutes\" \/>\n<script type=\"application\/ld+json\" class=\"yoast-schema-graph\">{\"@context\":\"https:\/\/schema.org\",\"@graph\":[{\"@type\":\"WebSite\",\"@id\":\"https:\/\/europlasma-industries.com\/#website\",\"url\":\"https:\/\/europlasma-industries.com\/\",\"name\":\"Europlasma Industries\",\"description\":\"proc\u00e9d\u00e9s industriels hautes temp\u00e9ratures\",\"potentialAction\":[{\"@type\":\"SearchAction\",\"target\":{\"@type\":\"EntryPoint\",\"urlTemplate\":\"https:\/\/europlasma-industries.com\/?s={search_term_string}\"},\"query-input\":\"required name=search_term_string\"}],\"inLanguage\":\"en-US\"},{\"@type\":\"ImageObject\",\"@id\":\"https:\/\/europlasma-industries.com\/en\/mentions-legales\/#primaryimage\",\"inLanguage\":\"en-US\",\"url\":\"https:\/\/europlasma-industries.com\/wp-content\/uploads\/2017\/12\/europlasma_industries_contact_slider_02.jpg\",\"contentUrl\":\"https:\/\/europlasma-industries.com\/wp-content\/uploads\/2017\/12\/europlasma_industries_contact_slider_02.jpg\",\"width\":1581,\"height\":349,\"caption\":\"Europlasma Industries\"},{\"@type\":\"WebPage\",\"@id\":\"https:\/\/europlasma-industries.com\/en\/mentions-legales\/#webpage\",\"url\":\"https:\/\/europlasma-industries.com\/en\/mentions-legales\/\",\"name\":\"Mentions L\u00e9gales - Europlasma Industries, proc\u00e9d\u00e9s industriels hautes temp\u00e9ratures\",\"isPartOf\":{\"@id\":\"https:\/\/europlasma-industries.com\/#website\"},\"primaryImageOfPage\":{\"@id\":\"https:\/\/europlasma-industries.com\/en\/mentions-legales\/#primaryimage\"},\"datePublished\":\"2017-12-11T11:01:48+00:00\",\"dateModified\":\"2021-10-04T13:57:00+00:00\",\"breadcrumb\":{\"@id\":\"https:\/\/europlasma-industries.com\/en\/mentions-legales\/#breadcrumb\"},\"inLanguage\":\"en-US\",\"potentialAction\":[{\"@type\":\"ReadAction\",\"target\":[\"https:\/\/europlasma-industries.com\/en\/mentions-legales\/\"]}]},{\"@type\":\"BreadcrumbList\",\"@id\":\"https:\/\/europlasma-industries.com\/en\/mentions-legales\/#breadcrumb\",\"itemListElement\":[{\"@type\":\"ListItem\",\"position\":1,\"name\":\"Accueil\",\"item\":\"https:\/\/europlasma-industries.com\/en\/\"},{\"@type\":\"ListItem\",\"position\":2,\"name\":\"Mentions L\u00e9gales\"}]}]}<\/script>\n<!-- \/ Yoast SEO plugin. -->","yoast_head_json":{"title":"Mentions L\u00e9gales - Europlasma Industries, proc\u00e9d\u00e9s industriels hautes temp\u00e9ratures","robots":{"index":"index","follow":"follow","max-snippet":"max-snippet:-1","max-image-preview":"max-image-preview:large","max-video-preview":"max-video-preview:-1"},"canonical":"https:\/\/europlasma-industries.com\/en\/mentions-legales\/","og_locale":"en_US","og_type":"article","og_title":"Mentions L\u00e9gales - Europlasma Industries, proc\u00e9d\u00e9s industriels hautes temp\u00e9ratures","og_description":"[vc_row][vc_column width=&#8221;1\/6&#8243;][\/vc_column][vc_column column_width_percent=&#8221;100&#8243; back_color=&#8221;color-xsdn&#8221; overlay_alpha=&#8221;50&#8243; gutter_size=&#8221;3&#8243; medium_width=&#8221;0&#8243; mobile_width=&#8221;0&#8243; shift_x=&#8221;0&#8243; shift_y=&#8221;0&#8243; shift_y_down=&#8221;0&#8243; z_index=&#8221;0&#8243; width=&#8221;4\/6&#8243;][vc_column_text]Le site www.europlasma-industries.com est \u00e9dit\u00e9 par Europlasma et [&hellip;]","og_url":"https:\/\/europlasma-industries.com\/en\/mentions-legales\/","og_site_name":"Europlasma Industries","article_modified_time":"2021-10-04T13:57:00+00:00","og_image":[{"width":1581,"height":349,"url":"https:\/\/europlasma-industries.com\/wp-content\/uploads\/2017\/12\/europlasma_industries_contact_slider_02.jpg","type":"image\/jpeg"}],"twitter_card":"summary_large_image","twitter_misc":{"Est. reading time":"4 minutes"},"schema":{"@context":"https:\/\/schema.org","@graph":[{"@type":"WebSite","@id":"https:\/\/europlasma-industries.com\/#website","url":"https:\/\/europlasma-industries.com\/","name":"Europlasma Industries","description":"proc\u00e9d\u00e9s industriels hautes temp\u00e9ratures","potentialAction":[{"@type":"SearchAction","target":{"@type":"EntryPoint","urlTemplate":"https:\/\/europlasma-industries.com\/?s={search_term_string}"},"query-input":"required name=search_term_string"}],"inLanguage":"en-US"},{"@type":"ImageObject","@id":"https:\/\/europlasma-industries.com\/en\/mentions-legales\/#primaryimage","inLanguage":"en-US","url":"https:\/\/europlasma-industries.com\/wp-content\/uploads\/2017\/12\/europlasma_industries_contact_slider_02.jpg","contentUrl":"https:\/\/europlasma-industries.com\/wp-content\/uploads\/2017\/12\/europlasma_industries_contact_slider_02.jpg","width":1581,"height":349,"caption":"Europlasma Industries"},{"@type":"WebPage","@id":"https:\/\/europlasma-industries.com\/en\/mentions-legales\/#webpage","url":"https:\/\/europlasma-industries.com\/en\/mentions-legales\/","name":"Mentions L\u00e9gales - Europlasma Industries, proc\u00e9d\u00e9s industriels hautes temp\u00e9ratures","isPartOf":{"@id":"https:\/\/europlasma-industries.com\/#website"},"primaryImageOfPage":{"@id":"https:\/\/europlasma-industries.com\/en\/mentions-legales\/#primaryimage"},"datePublished":"2017-12-11T11:01:48+00:00","dateModified":"2021-10-04T13:57:00+00:00","breadcrumb":{"@id":"https:\/\/europlasma-industries.com\/en\/mentions-legales\/#breadcrumb"},"inLanguage":"en-US","potentialAction":[{"@type":"ReadAction","target":["https:\/\/europlasma-industries.com\/en\/mentions-legales\/"]}]},{"@type":"BreadcrumbList","@id":"https:\/\/europlasma-industries.com\/en\/mentions-legales\/#breadcrumb","itemListElement":[{"@type":"ListItem","position":1,"name":"Accueil","item":"https:\/\/europlasma-industries.com\/en\/"},{"@type":"ListItem","position":2,"name":"Mentions L\u00e9gales"}]}]}},"_links":{"self":[{"href":"https:\/\/europlasma-industries.com\/en\/wp-json\/wp\/v2\/pages\/170"}],"collection":[{"href":"https:\/\/europlasma-industries.com\/en\/wp-json\/wp\/v2\/pages"}],"about":[{"href":"https:\/\/europlasma-industries.com\/en\/wp-json\/wp\/v2\/types\/page"}],"author":[{"embeddable":true,"href":"https:\/\/europlasma-industries.com\/en\/wp-json\/wp\/v2\/users\/1"}],"replies":[{"embeddable":true,"href":"https:\/\/europlasma-industries.com\/en\/wp-json\/wp\/v2\/comments?post=170"}],"version-history":[{"count":6,"href":"https:\/\/europlasma-industries.com\/en\/wp-json\/wp\/v2\/pages\/170\/revisions"}],"predecessor-version":[{"id":574,"href":"https:\/\/europlasma-industries.com\/en\/wp-json\/wp\/v2\/pages\/170\/revisions\/574"}],"wp:featuredmedia":[{"embeddable":true,"href":"https:\/\/europlasma-industries.com\/en\/wp-json\/wp\/v2\/media\/73"}],"wp:attachment":[{"href":"https:\/\/europlasma-industries.com\/en\/wp-json\/wp\/v2\/media?parent=170"}],"curies":[{"name":"wp","href":"https:\/\/api.w.org\/{rel}","templated":true}]}}