{"id":175,"date":"2017-12-08T11:32:37","date_gmt":"2017-12-08T10:32:37","guid":{"rendered":"http:\/\/europlasma-industries.com\/recherche-developpement\/"},"modified":"2017-12-19T15:30:05","modified_gmt":"2017-12-19T14:30:05","slug":"recherche-developpement","status":"publish","type":"page","link":"https:\/\/europlasma-industries.com\/en\/recherche-developpement\/","title":{"rendered":"Research &#038; development"},"content":{"rendered":"<p>[vc_row unlock_row_content=&#8221;yes&#8221; row_height_percent=&#8221;0&#8243; overlay_alpha=&#8221;50&#8243; equal_height=&#8221;yes&#8221; gutter_size=&#8221;0&#8243; column_width_percent=&#8221;100&#8243; shift_y=&#8221;0&#8243; z_index=&#8221;0&#8243;][vc_column column_width_percent=&#8221;100&#8243; position_vertical=&#8221;middle&#8221; back_color=&#8221;color-xsdn&#8221; overlay_alpha=&#8221;50&#8243; gutter_size=&#8221;3&#8243; medium_width=&#8221;4&#8243; mobile_width=&#8221;0&#8243; shift_x=&#8221;0&#8243; shift_y=&#8221;0&#8243; shift_y_down=&#8221;0&#8243; z_index=&#8221;0&#8243; css_animation=&#8221;left-t-right&#8221; animation_delay=&#8221;200&#8243; width=&#8221;1\/2&#8243;][vc_row_inner row_inner_height_percent=&#8221;0&#8243; overlay_alpha=&#8221;50&#8243; equal_height=&#8221;yes&#8221; gutter_size=&#8221;0&#8243; shift_y=&#8221;0&#8243; z_index=&#8221;0&#8243; el_class=&#8221;bloc-neg&#8221;][vc_column_inner column_width_percent=&#8221;100&#8243; gutter_size=&#8221;3&#8243; back_color=&#8221;color-xsdn&#8221; overlay_alpha=&#8221;50&#8243; medium_visibility=&#8221;yes&#8221; medium_width=&#8221;0&#8243; mobile_visibility=&#8221;yes&#8221; mobile_width=&#8221;0&#8243; shift_x=&#8221;0&#8243; shift_y=&#8221;0&#8243; shift_y_down=&#8221;0&#8243; z_index=&#8221;0&#8243; width=&#8221;1\/6&#8243;][\/vc_column_inner][vc_column_inner column_width_percent=&#8221;100&#8243; position_vertical=&#8221;middle&#8221; gutter_size=&#8221;3&#8243; back_color=&#8221;color-xsdn&#8221; overlay_alpha=&#8221;50&#8243; medium_width=&#8221;0&#8243; mobile_width=&#8221;0&#8243; shift_x=&#8221;0&#8243; shift_y=&#8221;0&#8243; shift_y_down=&#8221;0&#8243; z_index=&#8221;0&#8243; css_animation=&#8221;right-t-left&#8221; width=&#8221;4\/6&#8243; el_class=&#8221;padding-left-right-0&#8243;]<div id=\"ultimate-heading-180769e900e7a8b9b\" class=\"uvc-heading ult-adjust-bottom-margin ultimate-heading-180769e900e7a8b9b uvc-194 \" data-hspacer=\"no_spacer\"  data-halign=\"left\" style=\"text-align:left\"><div class=\"uvc-heading-spacer no_spacer\" style=\"top\"><\/div><div class=\"uvc-main-heading ult-responsive\"  data-ultimate-target='.uvc-heading.ultimate-heading-180769e900e7a8b9b h2'  data-responsive-json-new='{\"font-size\":\"desktop:30px;\",\"line-height\":\"desktop:36px;\"}' ><h2 style=\"font-family:&#039;Ubuntu&#039;;font-weight:700;color:#1e3640;margin-top:0px;margin-bottom:0px;\">TEST PLATFORM<\/h2><\/div><\/div>[vc_separator sep_color=&#8221;color-136734&#8243; icon_position=&#8221;left&#8221; el_width=&#8221;60px&#8221; el_height=&#8221;1px&#8221; el_class=&#8221;margin-20-0-0&#8211;20&#8243;]<div id=\"ultimate-heading-32369e900e7a8bdd\" class=\"uvc-heading ult-adjust-bottom-margin ultimate-heading-32369e900e7a8bdd uvc-6371 margin-0\" data-hspacer=\"no_spacer\"  data-halign=\"left\" style=\"text-align:left\"><div class=\"uvc-heading-spacer no_spacer\" style=\"top\"><\/div><div class=\"uvc-sub-heading ult-responsive\"  data-ultimate-target='.uvc-heading.ultimate-heading-32369e900e7a8bdd .uvc-sub-heading '  data-responsive-json-new='{\"font-size\":\"desktop:14px;\",\"line-height\":\"desktop:30px;\"}'  style=\"font-family:&#039;Ubuntu&#039;;font-weight:normal;color:#6e6868;margin-top:30px;margin-bottom:0px;\">Europlasma Industries has a 4,000 m\u00b2 R&amp;D platform at Morcenx (France) to develop and industrialise its products and processes. This platform allows to do some plasma torch characterisation tests with different types of gas mixtures coming from industrial processes;<\/div><\/div>[\/vc_column_inner][vc_column_inner column_width_percent=&#8221;100&#8243; gutter_size=&#8221;3&#8243; back_color=&#8221;color-xsdn&#8221; overlay_alpha=&#8221;50&#8243; medium_visibility=&#8221;yes&#8221; medium_width=&#8221;0&#8243; mobile_visibility=&#8221;yes&#8221; mobile_width=&#8221;0&#8243; shift_x=&#8221;0&#8243; shift_y=&#8221;0&#8243; shift_y_down=&#8221;0&#8243; z_index=&#8221;0&#8243; width=&#8221;1\/6&#8243;][\/vc_column_inner][\/vc_row_inner][\/vc_column][vc_column column_width_percent=&#8221;100&#8243; overlay_alpha=&#8221;50&#8243; gutter_size=&#8221;3&#8243; medium_width=&#8221;4&#8243; mobile_width=&#8221;0&#8243; shift_x=&#8221;0&#8243; shift_y=&#8221;0&#8243; shift_y_down=&#8221;0&#8243; z_index=&#8221;0&#8243; css_animation=&#8221;right-t-left&#8221; width=&#8221;1\/2&#8243;][vc_single_image media=&#8221;100&#8243; media_width_percent=&#8221;100&#8243; alignment=&#8221;center&#8221; el_class=&#8221;img-neg-zindex&#8221;][\/vc_column][\/vc_row][vc_row unlock_row_content=&#8221;yes&#8221; row_height_percent=&#8221;0&#8243; overlay_alpha=&#8221;50&#8243; equal_height=&#8221;yes&#8221; gutter_size=&#8221;0&#8243; column_width_percent=&#8221;100&#8243; shift_y=&#8221;0&#8243; z_index=&#8221;0&#8243;][vc_column column_width_percent=&#8221;100&#8243; overlay_alpha=&#8221;50&#8243; gutter_size=&#8221;3&#8243; medium_width=&#8221;4&#8243; mobile_width=&#8221;0&#8243; shift_x=&#8221;0&#8243; shift_y=&#8221;0&#8243; shift_y_down=&#8221;0&#8243; z_index=&#8221;0&#8243; css_animation=&#8221;left-t-right&#8221; animation_delay=&#8221;400&#8243; width=&#8221;1\/2&#8243;][vc_single_image media=&#8221;101&#8243; media_width_percent=&#8221;100&#8243; alignment=&#8221;center&#8221; el_class=&#8221;img-neg-zindex&#8221;][\/vc_column][vc_column column_width_percent=&#8221;100&#8243; position_vertical=&#8221;middle&#8221; back_color=&#8221;color-xsdn&#8221; overlay_alpha=&#8221;50&#8243; gutter_size=&#8221;3&#8243; medium_width=&#8221;4&#8243; mobile_width=&#8221;0&#8243; shift_x=&#8221;0&#8243; shift_y=&#8221;0&#8243; shift_y_down=&#8221;0&#8243; z_index=&#8221;0&#8243; css_animation=&#8221;right-t-left&#8221; animation_delay=&#8221;400&#8243; width=&#8221;1\/2&#8243; el_class=&#8221;stategie-block-end&#8221;][vc_row_inner row_inner_height_percent=&#8221;0&#8243; overlay_alpha=&#8221;50&#8243; equal_height=&#8221;yes&#8221; gutter_size=&#8221;0&#8243; shift_y=&#8221;0&#8243; z_index=&#8221;0&#8243; el_class=&#8221;bloc-neg-left&#8221;][vc_column_inner column_width_percent=&#8221;100&#8243; position_vertical=&#8221;middle&#8221; align_horizontal=&#8221;align_center&#8221; gutter_size=&#8221;3&#8243; back_color=&#8221;color-xsdn&#8221; overlay_alpha=&#8221;50&#8243; medium_visibility=&#8221;yes&#8221; medium_width=&#8221;0&#8243; mobile_visibility=&#8221;yes&#8221; mobile_width=&#8221;0&#8243; shift_x=&#8221;0&#8243; shift_y=&#8221;0&#8243; shift_y_down=&#8221;0&#8243; z_index=&#8221;0&#8243; width=&#8221;1\/6&#8243;][\/vc_column_inner][vc_column_inner column_width_percent=&#8221;100&#8243; position_vertical=&#8221;middle&#8221; gutter_size=&#8221;3&#8243; back_color=&#8221;color-xsdn&#8221; overlay_alpha=&#8221;50&#8243; medium_width=&#8221;0&#8243; mobile_width=&#8221;0&#8243; shift_x=&#8221;0&#8243; shift_y=&#8221;0&#8243; shift_y_down=&#8221;0&#8243; z_index=&#8221;0&#8243; width=&#8221;5\/6&#8243;]<div id=\"ultimate-heading-499969e900e7a8c0a\" class=\"uvc-heading ult-adjust-bottom-margin ultimate-heading-499969e900e7a8c0a uvc-25 \" data-hspacer=\"no_spacer\"  data-halign=\"left\" style=\"text-align:left\"><div class=\"uvc-heading-spacer no_spacer\" style=\"top\"><\/div><div class=\"uvc-main-heading ult-responsive\"  data-ultimate-target='.uvc-heading.ultimate-heading-499969e900e7a8c0a h2'  data-responsive-json-new='{\"font-size\":\"desktop:30px;\",\"line-height\":\"desktop:36px;\"}' ><h2 style=\"font-family:&#039;Ubuntu&#039;;font-weight:700;color:#1e3640;margin-top:0px;margin-bottom:0px;\">RESEARCH &amp; DEVELOPMENT PROGRAMMES<\/h2><\/div><\/div>[vc_separator sep_color=&#8221;color-136734&#8243; icon_position=&#8221;left&#8221; el_width=&#8221;60px&#8221; el_height=&#8221;1px&#8221; el_class=&#8221;margin-20-0-0&#8211;20&#8243;]<div id=\"ultimate-heading-608969e900e7a8c43\" class=\"uvc-heading ult-adjust-bottom-margin ultimate-heading-608969e900e7a8c43 uvc-9051 margin-0\" data-hspacer=\"no_spacer\"  data-halign=\"left\" style=\"text-align:left\"><div class=\"uvc-heading-spacer no_spacer\" style=\"top\"><\/div><div class=\"uvc-sub-heading ult-responsive\"  data-ultimate-target='.uvc-heading.ultimate-heading-608969e900e7a8c43 .uvc-sub-heading '  data-responsive-json-new='{\"font-size\":\"desktop:14px;\",\"line-height\":\"desktop:30px;\"}'  style=\"font-family:&#039;Ubuntu&#039;;font-weight:normal;color:#6e6868;margin-top:30px;margin-bottom:0px;\">Europlasma Industries devotes significant human and financial resources to Research &amp; Development by taking in part in multi-year national and European collaborative R&amp;D programmes. Europlasma Industries is currently involved in a programme which is being funded by the French National Research Agency (ANR) :<\/p>\n<p><span class=\"medium\"><em>&#8211; RESCOFIS programme (link to definition: Focal Concentration Solar Receiver with Integration of high temperature COFALIT thermal storage) which seeks to find high added value conversion channels for asbestos waste vitrification products: COFALIT.<\/em><\/span><br \/>\n<span class=\"medium\"><em>The objective of this programme is to test a pilot 100KWe-capacity thermal storage unit which uses COFALIT. This storage unit will enable the supply of energy from concentration solar systems to be distributed evenly.<\/em><\/span><\/div><\/div>[\/vc_column_inner][\/vc_row_inner][\/vc_column][\/vc_row]<\/p>\n","protected":false},"excerpt":{"rendered":"<p>[vc_row unlock_row_content=&#8221;yes&#8221; row_height_percent=&#8221;0&#8243; overlay_alpha=&#8221;50&#8243; equal_height=&#8221;yes&#8221; gutter_size=&#8221;0&#8243; column_width_percent=&#8221;100&#8243; shift_y=&#8221;0&#8243; z_index=&#8221;0&#8243;][vc_column column_width_percent=&#8221;100&#8243; position_vertical=&#8221;middle&#8221; back_color=&#8221;color-xsdn&#8221; overlay_alpha=&#8221;50&#8243; gutter_size=&#8221;3&#8243; medium_width=&#8221;4&#8243; mobile_width=&#8221;0&#8243; shift_x=&#8221;0&#8243; shift_y=&#8221;0&#8243; shift_y_down=&#8221;0&#8243; z_index=&#8221;0&#8243; [&hellip;]<\/p>\n","protected":false},"author":1,"featured_media":99,"parent":0,"menu_order":0,"comment_status":"closed","ping_status":"closed","template":"","meta":[],"yoast_head":"<!-- This site is optimized with the Yoast SEO plugin v18.5.1 - https:\/\/yoast.com\/wordpress\/plugins\/seo\/ -->\n<title>Research &amp; development - Europlasma Industries, high temperature industrial processes<\/title>\n<meta name=\"description\" content=\"Europlasma Industries has a 4,000 m\u00b2 R&amp;D platform at Morcenx (France) to develop and industrialise its products and processes.\" \/>\n<meta name=\"robots\" content=\"index, follow, max-snippet:-1, max-image-preview:large, max-video-preview:-1\" \/>\n<link rel=\"canonical\" href=\"https:\/\/europlasma-industries.com\/en\/recherche-developpement\/\" \/>\n<meta property=\"og:locale\" content=\"en_US\" \/>\n<meta property=\"og:type\" content=\"article\" \/>\n<meta property=\"og:title\" content=\"Research &amp; development - Europlasma Industries, high temperature industrial processes\" \/>\n<meta property=\"og:description\" content=\"Europlasma Industries has a 4,000 m\u00b2 R&amp;D platform at Morcenx (France) to develop and industrialise its products and processes.\" \/>\n<meta property=\"og:url\" content=\"https:\/\/europlasma-industries.com\/en\/recherche-developpement\/\" \/>\n<meta property=\"og:site_name\" content=\"Europlasma Industries\" \/>\n<meta property=\"article:modified_time\" content=\"2017-12-19T14:30:05+00:00\" \/>\n<meta property=\"og:image\" content=\"https:\/\/europlasma-industries.com\/wp-content\/uploads\/2017\/12\/europlasma_industries_rd_slider.jpg\" \/>\n\t<meta property=\"og:image:width\" content=\"1581\" \/>\n\t<meta property=\"og:image:height\" content=\"349\" \/>\n\t<meta property=\"og:image:type\" content=\"image\/jpeg\" \/>\n<meta name=\"twitter:card\" content=\"summary_large_image\" \/>\n<meta name=\"twitter:label1\" content=\"Est. reading time\" \/>\n\t<meta name=\"twitter:data1\" content=\"5 minutes\" \/>\n<script type=\"application\/ld+json\" class=\"yoast-schema-graph\">{\"@context\":\"https:\/\/schema.org\",\"@graph\":[{\"@type\":\"WebSite\",\"@id\":\"https:\/\/europlasma-industries.com\/#website\",\"url\":\"https:\/\/europlasma-industries.com\/\",\"name\":\"Europlasma Industries\",\"description\":\"proc\u00e9d\u00e9s industriels hautes temp\u00e9ratures\",\"potentialAction\":[{\"@type\":\"SearchAction\",\"target\":{\"@type\":\"EntryPoint\",\"urlTemplate\":\"https:\/\/europlasma-industries.com\/?s={search_term_string}\"},\"query-input\":\"required name=search_term_string\"}],\"inLanguage\":\"en-US\"},{\"@type\":\"ImageObject\",\"@id\":\"https:\/\/europlasma-industries.com\/en\/recherche-developpement\/#primaryimage\",\"inLanguage\":\"en-US\",\"url\":\"https:\/\/europlasma-industries.com\/wp-content\/uploads\/2017\/12\/europlasma_industries_rd_slider.jpg\",\"contentUrl\":\"https:\/\/europlasma-industries.com\/wp-content\/uploads\/2017\/12\/europlasma_industries_rd_slider.jpg\",\"width\":1581,\"height\":349,\"caption\":\"Europlasma Industries - Recherche & D\u00e9veloppement\"},{\"@type\":\"WebPage\",\"@id\":\"https:\/\/europlasma-industries.com\/en\/recherche-developpement\/#webpage\",\"url\":\"https:\/\/europlasma-industries.com\/en\/recherche-developpement\/\",\"name\":\"Research & development - Europlasma Industries, high temperature industrial processes\",\"isPartOf\":{\"@id\":\"https:\/\/europlasma-industries.com\/#website\"},\"primaryImageOfPage\":{\"@id\":\"https:\/\/europlasma-industries.com\/en\/recherche-developpement\/#primaryimage\"},\"datePublished\":\"2017-12-08T10:32:37+00:00\",\"dateModified\":\"2017-12-19T14:30:05+00:00\",\"description\":\"Europlasma Industries has a 4,000 m\u00b2 R&D platform at Morcenx (France) to develop and industrialise its products and processes.\",\"breadcrumb\":{\"@id\":\"https:\/\/europlasma-industries.com\/en\/recherche-developpement\/#breadcrumb\"},\"inLanguage\":\"en-US\",\"potentialAction\":[{\"@type\":\"ReadAction\",\"target\":[\"https:\/\/europlasma-industries.com\/en\/recherche-developpement\/\"]}]},{\"@type\":\"BreadcrumbList\",\"@id\":\"https:\/\/europlasma-industries.com\/en\/recherche-developpement\/#breadcrumb\",\"itemListElement\":[{\"@type\":\"ListItem\",\"position\":1,\"name\":\"Accueil\",\"item\":\"https:\/\/europlasma-industries.com\/en\/\"},{\"@type\":\"ListItem\",\"position\":2,\"name\":\"Research &#038; development\"}]}]}<\/script>\n<!-- \/ Yoast SEO plugin. -->","yoast_head_json":{"title":"Research & development - Europlasma Industries, high temperature industrial processes","description":"Europlasma Industries has a 4,000 m\u00b2 R&D platform at Morcenx (France) to develop and industrialise its products and processes.","robots":{"index":"index","follow":"follow","max-snippet":"max-snippet:-1","max-image-preview":"max-image-preview:large","max-video-preview":"max-video-preview:-1"},"canonical":"https:\/\/europlasma-industries.com\/en\/recherche-developpement\/","og_locale":"en_US","og_type":"article","og_title":"Research & development - Europlasma Industries, high temperature industrial processes","og_description":"Europlasma Industries has a 4,000 m\u00b2 R&D platform at Morcenx (France) to develop and industrialise its products and processes.","og_url":"https:\/\/europlasma-industries.com\/en\/recherche-developpement\/","og_site_name":"Europlasma Industries","article_modified_time":"2017-12-19T14:30:05+00:00","og_image":[{"width":1581,"height":349,"url":"https:\/\/europlasma-industries.com\/wp-content\/uploads\/2017\/12\/europlasma_industries_rd_slider.jpg","type":"image\/jpeg"}],"twitter_card":"summary_large_image","twitter_misc":{"Est. reading time":"5 minutes"},"schema":{"@context":"https:\/\/schema.org","@graph":[{"@type":"WebSite","@id":"https:\/\/europlasma-industries.com\/#website","url":"https:\/\/europlasma-industries.com\/","name":"Europlasma Industries","description":"proc\u00e9d\u00e9s industriels hautes temp\u00e9ratures","potentialAction":[{"@type":"SearchAction","target":{"@type":"EntryPoint","urlTemplate":"https:\/\/europlasma-industries.com\/?s={search_term_string}"},"query-input":"required name=search_term_string"}],"inLanguage":"en-US"},{"@type":"ImageObject","@id":"https:\/\/europlasma-industries.com\/en\/recherche-developpement\/#primaryimage","inLanguage":"en-US","url":"https:\/\/europlasma-industries.com\/wp-content\/uploads\/2017\/12\/europlasma_industries_rd_slider.jpg","contentUrl":"https:\/\/europlasma-industries.com\/wp-content\/uploads\/2017\/12\/europlasma_industries_rd_slider.jpg","width":1581,"height":349,"caption":"Europlasma Industries - Recherche & D\u00e9veloppement"},{"@type":"WebPage","@id":"https:\/\/europlasma-industries.com\/en\/recherche-developpement\/#webpage","url":"https:\/\/europlasma-industries.com\/en\/recherche-developpement\/","name":"Research & development - Europlasma Industries, high temperature industrial processes","isPartOf":{"@id":"https:\/\/europlasma-industries.com\/#website"},"primaryImageOfPage":{"@id":"https:\/\/europlasma-industries.com\/en\/recherche-developpement\/#primaryimage"},"datePublished":"2017-12-08T10:32:37+00:00","dateModified":"2017-12-19T14:30:05+00:00","description":"Europlasma Industries has a 4,000 m\u00b2 R&D platform at Morcenx (France) to develop and industrialise its products and processes.","breadcrumb":{"@id":"https:\/\/europlasma-industries.com\/en\/recherche-developpement\/#breadcrumb"},"inLanguage":"en-US","potentialAction":[{"@type":"ReadAction","target":["https:\/\/europlasma-industries.com\/en\/recherche-developpement\/"]}]},{"@type":"BreadcrumbList","@id":"https:\/\/europlasma-industries.com\/en\/recherche-developpement\/#breadcrumb","itemListElement":[{"@type":"ListItem","position":1,"name":"Accueil","item":"https:\/\/europlasma-industries.com\/en\/"},{"@type":"ListItem","position":2,"name":"Research &#038; development"}]}]}},"_links":{"self":[{"href":"https:\/\/europlasma-industries.com\/en\/wp-json\/wp\/v2\/pages\/175"}],"collection":[{"href":"https:\/\/europlasma-industries.com\/en\/wp-json\/wp\/v2\/pages"}],"about":[{"href":"https:\/\/europlasma-industries.com\/en\/wp-json\/wp\/v2\/types\/page"}],"author":[{"embeddable":true,"href":"https:\/\/europlasma-industries.com\/en\/wp-json\/wp\/v2\/users\/1"}],"replies":[{"embeddable":true,"href":"https:\/\/europlasma-industries.com\/en\/wp-json\/wp\/v2\/comments?post=175"}],"version-history":[{"count":3,"href":"https:\/\/europlasma-industries.com\/en\/wp-json\/wp\/v2\/pages\/175\/revisions"}],"predecessor-version":[{"id":221,"href":"https:\/\/europlasma-industries.com\/en\/wp-json\/wp\/v2\/pages\/175\/revisions\/221"}],"wp:featuredmedia":[{"embeddable":true,"href":"https:\/\/europlasma-industries.com\/en\/wp-json\/wp\/v2\/media\/99"}],"wp:attachment":[{"href":"https:\/\/europlasma-industries.com\/en\/wp-json\/wp\/v2\/media?parent=175"}],"curies":[{"name":"wp","href":"https:\/\/api.w.org\/{rel}","templated":true}]}}