{"id":254,"date":"2017-12-08T11:33:05","date_gmt":"2017-12-08T10:33:05","guid":{"rendered":"http:\/\/europlasma-industries.com\/contact\/"},"modified":"2019-10-10T15:11:17","modified_gmt":"2019-10-10T13:11:17","slug":"contact","status":"publish","type":"page","link":"https:\/\/europlasma-industries.com\/zh-hans\/contact\/","title":{"rendered":"\u8054\u7cfb\u6211\u4eec"},"content":{"rendered":"<p>[vc_row unlock_row_content=&#8221;yes&#8221; row_height_percent=&#8221;0&#8243; overlay_alpha=&#8221;50&#8243; equal_height=&#8221;yes&#8221; gutter_size=&#8221;0&#8243; column_width_percent=&#8221;100&#8243; shift_y=&#8221;0&#8243; z_index=&#8221;0&#8243;][vc_column column_width_percent=&#8221;100&#8243; position_vertical=&#8221;middle&#8221; back_color=&#8221;color-xsdn&#8221; overlay_alpha=&#8221;50&#8243; gutter_size=&#8221;3&#8243; medium_width=&#8221;4&#8243; mobile_width=&#8221;0&#8243; shift_x=&#8221;0&#8243; shift_y=&#8221;0&#8243; shift_y_down=&#8221;0&#8243; z_index=&#8221;0&#8243; width=&#8221;1\/2&#8243;][vc_row_inner row_inner_height_percent=&#8221;0&#8243; overlay_alpha=&#8221;50&#8243; equal_height=&#8221;yes&#8221; gutter_size=&#8221;0&#8243; shift_y=&#8221;0&#8243; z_index=&#8221;0&#8243;][vc_column_inner column_width_percent=&#8221;100&#8243; position_vertical=&#8221;middle&#8221; align_horizontal=&#8221;align_center&#8221; gutter_size=&#8221;3&#8243; back_color=&#8221;color-xsdn&#8221; overlay_alpha=&#8221;50&#8243; medium_width=&#8221;0&#8243; mobile_visibility=&#8221;yes&#8221; mobile_width=&#8221;0&#8243; shift_x=&#8221;0&#8243; shift_y=&#8221;0&#8243; shift_y_down=&#8221;0&#8243; z_index=&#8221;0&#8243; width=&#8221;3\/12&#8243;][\/vc_column_inner][vc_column_inner column_width_percent=&#8221;100&#8243; position_vertical=&#8221;middle&#8221; gutter_size=&#8221;3&#8243; overlay_alpha=&#8221;50&#8243; medium_width=&#8221;0&#8243; mobile_width=&#8221;0&#8243; shift_x=&#8221;0&#8243; shift_y=&#8221;0&#8243; shift_y_down=&#8221;0&#8243; z_index=&#8221;0&#8243; css_animation=&#8221;right-t-left&#8221; width=&#8221;1\/2&#8243;]<div id=\"ultimate-heading-378569dc250f9aeb6\" class=\"uvc-heading ult-adjust-bottom-margin ultimate-heading-378569dc250f9aeb6 uvc-5936 \" data-hspacer=\"no_spacer\"  data-halign=\"left\" style=\"text-align:left\"><div class=\"uvc-heading-spacer no_spacer\" style=\"top\"><\/div><div class=\"uvc-main-heading ult-responsive\"  data-ultimate-target='.uvc-heading.ultimate-heading-378569dc250f9aeb6 h2'  data-responsive-json-new='{\"font-size\":\"desktop:30px;\",\"line-height\":\"desktop:36px;\"}' ><h2 style=\"font-family:&#039;Ubuntu&#039;;font-weight:700;color:1e3640;margin-top:0px;margin-bottom:0px;\">EUROPLASMA<\/h2><\/div><\/div>[vc_separator sep_color=&#8221;color-136734&#8243; icon_position=&#8221;left&#8221; el_width=&#8221;60px&#8221; el_height=&#8221;1px&#8221; el_class=&#8221;margin-20-0-0&#8211;20&#8243;]<div id=\"ultimate-heading-344369dc250f9af26\" class=\"uvc-heading ult-adjust-bottom-margin ultimate-heading-344369dc250f9af26 uvc-5300 margin-0\" data-hspacer=\"no_spacer\"  data-halign=\"left\" style=\"text-align:left\"><div class=\"uvc-heading-spacer no_spacer\" style=\"top\"><\/div><div class=\"uvc-sub-heading ult-responsive\"  data-ultimate-target='.uvc-heading.ultimate-heading-344369dc250f9af26 .uvc-sub-heading '  data-responsive-json-new='{\"font-size\":\"desktop:14px;\",\"line-height\":\"desktop:30px;\"}'  style=\"font-family:&#039;Ubuntu&#039;;font-weight:normal;color:#6e6868;margin-top:0px;margin-bottom:0px;\">3-5 All\u00e9e des lumi\u00e8res<br \/>\nCit\u00e9 de la Photonique<br \/>\nB\u00e2t. Gienah<br \/>\n33600 Pessac<\/div><\/div><div class=\"aio-icon-component  vc_custom_1512990811526   style_1\"><div id=\"Info-box-wrap-9838\" class=\"aio-icon-box default-icon\" style=\"\"  ><div class=\"aio-icon-default\"><div class=\"ult-just-icon-wrapper  \"><div class=\"align-icon\" style=\"text-align:center;\">\n<div class=\"aio-icon none \" data-animation=\"fadeInLeftBig\" data-animation-delay=\"03\" style=\"color:#6e6868;font-size:14px;display:inline-block;\">\n\t<i class=\"Defaults-mobile mobile-phone\"><\/i>\n<\/div><\/div><\/div><\/div><div class=\"aio-icon-header\" ><a class=\"aio-icon-box-link\" href=\"tel:+33556497000\"   ><h3 class=\"aio-icon-title ult-responsive\"  data-ultimate-target='#Info-box-wrap-9838 .aio-icon-title'  data-responsive-json-new='{\"font-size\":\"desktop:14px;\",\"line-height\":\"desktop:30px;\"}'  style=\"font-family:&#039;Ubuntu&#039;;color:#6e6868;\">T. +33(0) 5 56 49 70 00<\/h3><\/a><\/div> <!-- header --><\/div> <!-- aio-icon-box --><\/div> <!-- aio-icon-component --><div class=\"aio-icon-component  vc_custom_1512990825162   style_1\"><div id=\"Info-box-wrap-8875\" class=\"aio-icon-box default-icon\" style=\"\"  ><div class=\"aio-icon-default\"><div class=\"ult-just-icon-wrapper  \"><div class=\"align-icon\" style=\"text-align:center;\">\n<div class=\"aio-icon none \" data-animation=\"fadeInLeftBig\" data-animation-delay=\"03\" style=\"color:#6e6868;font-size:14px;display:inline-block;\">\n\t<i class=\"Defaults-print\"><\/i>\n<\/div><\/div><\/div><\/div><div class=\"aio-icon-header\" ><h3 class=\"aio-icon-title ult-responsive\"  data-ultimate-target='#Info-box-wrap-8875 .aio-icon-title'  data-responsive-json-new='{\"font-size\":\"desktop:14px;\",\"line-height\":\"desktop:30px;\"}'  style=\"font-family:&#039;Ubuntu&#039;;color:#6e6868;\">F. +33(0) 5 56 49 70 19<\/h3><\/div> <!-- header --><\/div> <!-- aio-icon-box --><\/div> <!-- aio-icon-component --><div class=\"aio-icon-component  vc_custom_1513781712822   style_1\"><div id=\"Info-box-wrap-1317\" class=\"aio-icon-box default-icon\" style=\"\"  ><div class=\"aio-icon-default\"><div class=\"ult-just-icon-wrapper  \"><div class=\"align-icon\" style=\"text-align:center;\">\n<div class=\"aio-icon none \" data-animation=\"fadeInLeftBig\" data-animation-delay=\"03\" style=\"color:#6e6868;font-size:14px;display:inline-block;\">\n\t<i class=\"Defaults-at\"><\/i>\n<\/div><\/div><\/div><\/div><div class=\"aio-icon-header\" ><a class=\"aio-icon-box-link\" href=\"mailto:contact@europlasma.com\"   ><h3 class=\"aio-icon-title ult-responsive\"  data-ultimate-target='#Info-box-wrap-1317 .aio-icon-title'  data-responsive-json-new='{\"font-size\":\"desktop:14px;\",\"line-height\":\"desktop:30px;\"}'  style=\"font-family:&#039;Ubuntu&#039;;color:#6e6868;\">shzjchem@vip.163.com<\/h3><\/a><\/div> <!-- header --><\/div> <!-- aio-icon-box --><\/div> <!-- aio-icon-component -->[\/vc_column_inner][vc_column_inner column_width_percent=&#8221;100&#8243; gutter_size=&#8221;3&#8243; overlay_alpha=&#8221;50&#8243; medium_width=&#8221;0&#8243; mobile_visibility=&#8221;yes&#8221; mobile_width=&#8221;0&#8243; shift_x=&#8221;0&#8243; shift_y=&#8221;0&#8243; shift_y_down=&#8221;0&#8243; z_index=&#8221;0&#8243; width=&#8221;3\/12&#8243;][\/vc_column_inner][\/vc_row_inner][\/vc_column][vc_column column_width_percent=&#8221;100&#8243; position_vertical=&#8221;middle&#8221; overlay_alpha=&#8221;50&#8243; gutter_size=&#8221;3&#8243; medium_width=&#8221;4&#8243; mobile_width=&#8221;0&#8243; shift_x=&#8221;0&#8243; shift_y=&#8221;0&#8243; shift_y_down=&#8221;0&#8243; z_index=&#8221;0&#8243; width=&#8221;1\/2&#8243;]<div id='wrap_map_69dc250f9b440' class='ultimate-map-wrapper ult-adjust-bottom-margin ' style=' height:700px;'><div id='map_69dc250f9b440' data-map_override='0' class='ultimate_google_map wpb_content_element ' style='width:100%;height:700px;'><\/div><\/div><script type='text\/javascript'>\n\t\t\t(function($) {\n  \t\t\t'use strict';\n\t\t\tvar map_map_69dc250f9b440 = null;\n\t\t\tvar coordinate_map_69dc250f9b440;\n\t\t\tvar isDraggable = $(document).width() > 641 ? true : true;\n\t\t\ttry\n\t\t\t{\n\t\t\t\tvar map_map_69dc250f9b440 = null;\n\t\t\t\tvar coordinate_map_69dc250f9b440;\n\t\t\t\tcoordinate_map_69dc250f9b440=new google.maps.LatLng(44.785544, -0.6310028);\n\t\t\t\tvar mapOptions=\n\t\t\t\t{\n\t\t\t\t\tzoom: 16,\n\t\t\t\t\tcenter: coordinate_map_69dc250f9b440,\n\t\t\t\t\tscaleControl: true,\n\t\t\t\t\tstreetViewControl: false,\n\t\t\t\t\tmapTypeControl: false,\n\t\t\t\t\tpanControl: false,\n\t\t\t\t\tzoomControl: true,\n\t\t\t\t\tscrollwheel: true,\n\t\t\t\t\tdraggable: isDraggable,\n\t\t\t\t\tzoomControlOptions: {\n\t\t\t\t\t\tposition: google.maps.ControlPosition.RIGHT_BOTTOM\n\t\t\t\t\t},mapTypeId: google.maps.MapTypeId.ROADMAP,};var map_map_69dc250f9b440 = new google.maps.Map(document.getElementById('map_69dc250f9b440'),mapOptions);\n\t\t\t\t\t\tvar x = 'infowindow_open_value';\n\t\t\t\t\t\tvar marker_map_69dc250f9b440 = new google.maps.Marker({\n\t\t\t\t\t\tposition: new google.maps.LatLng(44.785544, -0.6310028),\n\t\t\t\t\t\tanimation:  google.maps.Animation.DROP,\n\t\t\t\t\t\tmap: map_map_69dc250f9b440,\n\t\t\t\t\t\ticon: ''\n\t\t\t\t\t});\n\t\t\t\t\tgoogle.maps.event.addListener(marker_map_69dc250f9b440, 'click', toggleBounce);}\n\t\t\tcatch(e){};\n\t\t\tjQuery(document).ready(function($){\n\t\t\t\tgoogle.maps.event.trigger(map_map_69dc250f9b440, 'resize');\n\t\t\t\t$(window).resize(function(){\n\t\t\t\t\tgoogle.maps.event.trigger(map_map_69dc250f9b440, 'resize');\n\t\t\t\t\tif(map_map_69dc250f9b440!=null)\n\t\t\t\t\t\tmap_map_69dc250f9b440.setCenter(coordinate_map_69dc250f9b440);\n\t\t\t\t});\n\t\t\t\t$('.ui-tabs').bind('tabsactivate', function(event, ui) {\n\t\t\t\t   if($(this).find('.ultimate-map-wrapper').length > 0)\n\t\t\t\t\t{\n\t\t\t\t\t\tsetTimeout(function(){\n\t\t\t\t\t\t\t$(window).trigger('resize');\n\t\t\t\t\t\t},200);\n\t\t\t\t\t}\n\t\t\t\t});\n\t\t\t\t$('.ui-accordion').bind('accordionactivate', function(event, ui) {\n\t\t\t\t   if($(this).find('.ultimate-map-wrapper').length > 0)\n\t\t\t\t\t{\n\t\t\t\t\t\tsetTimeout(function(){\n\t\t\t\t\t\t\t$(window).trigger('resize');\n\t\t\t\t\t\t},200);\n\t\t\t\t\t}\n\t\t\t\t});\n\t\t\t\t$(window).load(function(){\n\t\t\t\t\tsetTimeout(function(){\n\t\t\t\t\t\t$(window).trigger('resize');\n\t\t\t\t\t},200);\n\t\t\t\t});\n\t\t\t\t$('.ult_exp_section').select(function(){\n\t\t\t\t\tif($(map_map_69dc250f9b440).parents('.ult_exp_section'))\n\t\t\t\t\t{\n\t\t\t\t\t\tsetTimeout(function(){\n\t\t\t\t\t\t\t$(window).trigger('resize');\n\t\t\t\t\t\t},200);\n\t\t\t\t\t}\n\t\t\t\t});\n\t\t\t\t$(document).on('onUVCModalPopupOpen', function(){\n\t\t\t\t\tif($(map_map_69dc250f9b440).parents('.ult_modal-content'))\n\t\t\t\t\t{\n\t\t\t\t\t\tsetTimeout(function(){\n\t\t\t\t\t\t\t$(window).trigger('resize');\n\t\t\t\t\t\t},200);\n\t\t\t\t\t}\n\t\t\t\t});\n\t\t\t\t$(document).on('click','.ult_tab_li',function(){\n\t\t\t\t\t$(window).trigger('resize');\n\t\t\t\t\tsetTimeout(function(){\n\t\t\t\t\t\t$(window).trigger('resize');\n\t\t\t\t\t},200);\n\t\t\t\t});\n\t\t\t});\n\t\t\tfunction toggleBounce() {\n\t\t\t  if (marker_map_69dc250f9b440.getAnimation() != null) {\n\t\t\t\tmarker_map_69dc250f9b440.setAnimation(null);\n\t\t\t  } else {\n\t\t\t\tmarker_map_69dc250f9b440.setAnimation(google.maps.Animation.BOUNCE);\n\t\t\t  }\n\t\t\t}\n\t\t\t})(jQuery);\n\t\t\t<\/script>[\/vc_column][\/vc_row]<\/p>\n","protected":false},"excerpt":{"rendered":"<p>[vc_row unlock_row_c [&hellip;]<\/p>\n","protected":false},"author":1,"featured_media":73,"parent":0,"menu_order":0,"comment_status":"closed","ping_status":"closed","template":"","meta":[],"yoast_head":"<!-- This site is optimized with the Yoast SEO plugin v18.5.1 - https:\/\/yoast.com\/wordpress\/plugins\/seo\/ -->\n<title>\u8054\u7cfb\u6211\u4eec - Europlasma Industries, high temperature industrial processes<\/title>\n<meta name=\"description\" content=\"Would you like to receive specific information regarding your project ? Do not hesitate to contact us.\" \/>\n<meta name=\"robots\" content=\"index, follow, max-snippet:-1, max-image-preview:large, max-video-preview:-1\" \/>\n<link rel=\"canonical\" href=\"https:\/\/europlasma-industries.com\/zh-hans\/contact\/\" \/>\n<meta property=\"og:locale\" content=\"zh_CN\" \/>\n<meta property=\"og:type\" content=\"article\" \/>\n<meta property=\"og:title\" content=\"\u8054\u7cfb\u6211\u4eec - Europlasma Industries, high temperature industrial processes\" \/>\n<meta property=\"og:description\" content=\"Would you like to receive specific information regarding your project ? Do not hesitate to contact us.\" \/>\n<meta property=\"og:url\" content=\"https:\/\/europlasma-industries.com\/zh-hans\/contact\/\" \/>\n<meta property=\"og:site_name\" content=\"Europlasma Industries\" \/>\n<meta property=\"article:modified_time\" content=\"2019-10-10T13:11:17+00:00\" \/>\n<meta property=\"og:image\" content=\"https:\/\/europlasma-industries.com\/wp-content\/uploads\/2017\/12\/europlasma_industries_contact_slider_02.jpg\" \/>\n\t<meta property=\"og:image:width\" content=\"1581\" \/>\n\t<meta property=\"og:image:height\" content=\"349\" \/>\n\t<meta property=\"og:image:type\" content=\"image\/jpeg\" \/>\n<meta name=\"twitter:card\" content=\"summary_large_image\" \/>\n<meta name=\"twitter:label1\" content=\"\u9884\u8ba1\u9605\u8bfb\u65f6\u95f4\" \/>\n\t<meta name=\"twitter:data1\" content=\"3\u5206\" \/>\n<script type=\"application\/ld+json\" class=\"yoast-schema-graph\">{\"@context\":\"https:\/\/schema.org\",\"@graph\":[{\"@type\":\"WebSite\",\"@id\":\"https:\/\/europlasma-industries.com\/#website\",\"url\":\"https:\/\/europlasma-industries.com\/\",\"name\":\"Europlasma Industries\",\"description\":\"proc\u00e9d\u00e9s industriels hautes temp\u00e9ratures\",\"potentialAction\":[{\"@type\":\"SearchAction\",\"target\":{\"@type\":\"EntryPoint\",\"urlTemplate\":\"https:\/\/europlasma-industries.com\/?s={search_term_string}\"},\"query-input\":\"required name=search_term_string\"}],\"inLanguage\":\"zh-CN\"},{\"@type\":\"ImageObject\",\"@id\":\"https:\/\/europlasma-industries.com\/zh-hans\/contact\/#primaryimage\",\"inLanguage\":\"zh-CN\",\"url\":\"https:\/\/europlasma-industries.com\/wp-content\/uploads\/2017\/12\/europlasma_industries_contact_slider_02.jpg\",\"contentUrl\":\"https:\/\/europlasma-industries.com\/wp-content\/uploads\/2017\/12\/europlasma_industries_contact_slider_02.jpg\",\"width\":1581,\"height\":349,\"caption\":\"Europlasma Industries\"},{\"@type\":\"WebPage\",\"@id\":\"https:\/\/europlasma-industries.com\/zh-hans\/contact\/#webpage\",\"url\":\"https:\/\/europlasma-industries.com\/zh-hans\/contact\/\",\"name\":\"\u8054\u7cfb\u6211\u4eec - Europlasma Industries, high temperature industrial processes\",\"isPartOf\":{\"@id\":\"https:\/\/europlasma-industries.com\/#website\"},\"primaryImageOfPage\":{\"@id\":\"https:\/\/europlasma-industries.com\/zh-hans\/contact\/#primaryimage\"},\"datePublished\":\"2017-12-08T10:33:05+00:00\",\"dateModified\":\"2019-10-10T13:11:17+00:00\",\"description\":\"Would you like to receive specific information regarding your project ? Do not hesitate to contact us.\",\"breadcrumb\":{\"@id\":\"https:\/\/europlasma-industries.com\/zh-hans\/contact\/#breadcrumb\"},\"inLanguage\":\"zh-CN\",\"potentialAction\":[{\"@type\":\"ReadAction\",\"target\":[\"https:\/\/europlasma-industries.com\/zh-hans\/contact\/\"]}]},{\"@type\":\"BreadcrumbList\",\"@id\":\"https:\/\/europlasma-industries.com\/zh-hans\/contact\/#breadcrumb\",\"itemListElement\":[{\"@type\":\"ListItem\",\"position\":1,\"name\":\"Accueil\",\"item\":\"https:\/\/europlasma-industries.com\/zh-hans\/\"},{\"@type\":\"ListItem\",\"position\":2,\"name\":\"\u8054\u7cfb\u6211\u4eec\"}]}]}<\/script>\n<!-- \/ Yoast SEO plugin. -->","yoast_head_json":{"title":"\u8054\u7cfb\u6211\u4eec - Europlasma Industries, high temperature industrial processes","description":"Would you like to receive specific information regarding your project ? Do not hesitate to contact us.","robots":{"index":"index","follow":"follow","max-snippet":"max-snippet:-1","max-image-preview":"max-image-preview:large","max-video-preview":"max-video-preview:-1"},"canonical":"https:\/\/europlasma-industries.com\/zh-hans\/contact\/","og_locale":"zh_CN","og_type":"article","og_title":"\u8054\u7cfb\u6211\u4eec - Europlasma Industries, high temperature industrial processes","og_description":"Would you like to receive specific information regarding your project ? Do not hesitate to contact us.","og_url":"https:\/\/europlasma-industries.com\/zh-hans\/contact\/","og_site_name":"Europlasma Industries","article_modified_time":"2019-10-10T13:11:17+00:00","og_image":[{"width":1581,"height":349,"url":"https:\/\/europlasma-industries.com\/wp-content\/uploads\/2017\/12\/europlasma_industries_contact_slider_02.jpg","type":"image\/jpeg"}],"twitter_card":"summary_large_image","twitter_misc":{"\u9884\u8ba1\u9605\u8bfb\u65f6\u95f4":"3\u5206"},"schema":{"@context":"https:\/\/schema.org","@graph":[{"@type":"WebSite","@id":"https:\/\/europlasma-industries.com\/#website","url":"https:\/\/europlasma-industries.com\/","name":"Europlasma Industries","description":"proc\u00e9d\u00e9s industriels hautes temp\u00e9ratures","potentialAction":[{"@type":"SearchAction","target":{"@type":"EntryPoint","urlTemplate":"https:\/\/europlasma-industries.com\/?s={search_term_string}"},"query-input":"required name=search_term_string"}],"inLanguage":"zh-CN"},{"@type":"ImageObject","@id":"https:\/\/europlasma-industries.com\/zh-hans\/contact\/#primaryimage","inLanguage":"zh-CN","url":"https:\/\/europlasma-industries.com\/wp-content\/uploads\/2017\/12\/europlasma_industries_contact_slider_02.jpg","contentUrl":"https:\/\/europlasma-industries.com\/wp-content\/uploads\/2017\/12\/europlasma_industries_contact_slider_02.jpg","width":1581,"height":349,"caption":"Europlasma Industries"},{"@type":"WebPage","@id":"https:\/\/europlasma-industries.com\/zh-hans\/contact\/#webpage","url":"https:\/\/europlasma-industries.com\/zh-hans\/contact\/","name":"\u8054\u7cfb\u6211\u4eec - Europlasma Industries, high temperature industrial processes","isPartOf":{"@id":"https:\/\/europlasma-industries.com\/#website"},"primaryImageOfPage":{"@id":"https:\/\/europlasma-industries.com\/zh-hans\/contact\/#primaryimage"},"datePublished":"2017-12-08T10:33:05+00:00","dateModified":"2019-10-10T13:11:17+00:00","description":"Would you like to receive specific information regarding your project ? Do not hesitate to contact us.","breadcrumb":{"@id":"https:\/\/europlasma-industries.com\/zh-hans\/contact\/#breadcrumb"},"inLanguage":"zh-CN","potentialAction":[{"@type":"ReadAction","target":["https:\/\/europlasma-industries.com\/zh-hans\/contact\/"]}]},{"@type":"BreadcrumbList","@id":"https:\/\/europlasma-industries.com\/zh-hans\/contact\/#breadcrumb","itemListElement":[{"@type":"ListItem","position":1,"name":"Accueil","item":"https:\/\/europlasma-industries.com\/zh-hans\/"},{"@type":"ListItem","position":2,"name":"\u8054\u7cfb\u6211\u4eec"}]}]}},"_links":{"self":[{"href":"https:\/\/europlasma-industries.com\/zh-hans\/wp-json\/wp\/v2\/pages\/254"}],"collection":[{"href":"https:\/\/europlasma-industries.com\/zh-hans\/wp-json\/wp\/v2\/pages"}],"about":[{"href":"https:\/\/europlasma-industries.com\/zh-hans\/wp-json\/wp\/v2\/types\/page"}],"author":[{"embeddable":true,"href":"https:\/\/europlasma-industries.com\/zh-hans\/wp-json\/wp\/v2\/users\/1"}],"replies":[{"embeddable":true,"href":"https:\/\/europlasma-industries.com\/zh-hans\/wp-json\/wp\/v2\/comments?post=254"}],"version-history":[{"count":4,"href":"https:\/\/europlasma-industries.com\/zh-hans\/wp-json\/wp\/v2\/pages\/254\/revisions"}],"predecessor-version":[{"id":454,"href":"https:\/\/europlasma-industries.com\/zh-hans\/wp-json\/wp\/v2\/pages\/254\/revisions\/454"}],"wp:featuredmedia":[{"embeddable":true,"href":"https:\/\/europlasma-industries.com\/zh-hans\/wp-json\/wp\/v2\/media\/73"}],"wp:attachment":[{"href":"https:\/\/europlasma-industries.com\/zh-hans\/wp-json\/wp\/v2\/media?parent=254"}],"curies":[{"name":"wp","href":"https:\/\/api.w.org\/{rel}","templated":true}]}}