{"id":281,"date":"2017-12-11T12:02:54","date_gmt":"2017-12-11T11:02:54","guid":{"rendered":"http:\/\/europlasma-industries.com\/plan-du-site\/"},"modified":"2018-01-18T13:57:18","modified_gmt":"2018-01-18T12:57:18","slug":"plan-du-site","status":"publish","type":"page","link":"https:\/\/europlasma-industries.com\/zh-hans\/plan-du-site\/","title":{"rendered":"Site map"},"content":{"rendered":"","protected":false},"excerpt":{"rendered":"","protected":false},"author":1,"featured_media":73,"parent":0,"menu_order":0,"comment_status":"closed","ping_status":"closed","template":"page-sitemap.php","meta":[],"yoast_head":"<!-- This site is optimized with the Yoast SEO plugin v18.5.1 - https:\/\/yoast.com\/wordpress\/plugins\/seo\/ -->\n<title>Site map - Europlasma Industries, proc\u00e9d\u00e9s industriels hautes temp\u00e9ratures<\/title>\n<meta name=\"robots\" content=\"index, follow, max-snippet:-1, max-image-preview:large, max-video-preview:-1\" \/>\n<link rel=\"canonical\" href=\"https:\/\/europlasma-industries.com\/zh-hans\/plan-du-site\/\" \/>\n<meta property=\"og:locale\" content=\"zh_CN\" \/>\n<meta property=\"og:type\" content=\"article\" \/>\n<meta property=\"og:title\" content=\"Site map - Europlasma Industries, proc\u00e9d\u00e9s industriels hautes temp\u00e9ratures\" \/>\n<meta property=\"og:url\" content=\"https:\/\/europlasma-industries.com\/zh-hans\/plan-du-site\/\" \/>\n<meta property=\"og:site_name\" content=\"Europlasma Industries\" \/>\n<meta property=\"article:modified_time\" content=\"2018-01-18T12:57:18+00:00\" \/>\n<meta property=\"og:image\" content=\"https:\/\/europlasma-industries.com\/wp-content\/uploads\/2017\/12\/europlasma_industries_contact_slider_02.jpg\" \/>\n\t<meta property=\"og:image:width\" content=\"1581\" \/>\n\t<meta property=\"og:image:height\" content=\"349\" \/>\n\t<meta property=\"og:image:type\" content=\"image\/jpeg\" \/>\n<meta name=\"twitter:card\" content=\"summary_large_image\" \/>\n<script type=\"application\/ld+json\" class=\"yoast-schema-graph\">{\"@context\":\"https:\/\/schema.org\",\"@graph\":[{\"@type\":\"WebSite\",\"@id\":\"https:\/\/europlasma-industries.com\/#website\",\"url\":\"https:\/\/europlasma-industries.com\/\",\"name\":\"Europlasma Industries\",\"description\":\"proc\u00e9d\u00e9s industriels hautes temp\u00e9ratures\",\"potentialAction\":[{\"@type\":\"SearchAction\",\"target\":{\"@type\":\"EntryPoint\",\"urlTemplate\":\"https:\/\/europlasma-industries.com\/?s={search_term_string}\"},\"query-input\":\"required name=search_term_string\"}],\"inLanguage\":\"zh-CN\"},{\"@type\":\"ImageObject\",\"@id\":\"https:\/\/europlasma-industries.com\/zh-hans\/plan-du-site\/#primaryimage\",\"inLanguage\":\"zh-CN\",\"url\":\"https:\/\/europlasma-industries.com\/wp-content\/uploads\/2017\/12\/europlasma_industries_contact_slider_02.jpg\",\"contentUrl\":\"https:\/\/europlasma-industries.com\/wp-content\/uploads\/2017\/12\/europlasma_industries_contact_slider_02.jpg\",\"width\":1581,\"height\":349,\"caption\":\"Europlasma Industries\"},{\"@type\":\"WebPage\",\"@id\":\"https:\/\/europlasma-industries.com\/zh-hans\/plan-du-site\/#webpage\",\"url\":\"https:\/\/europlasma-industries.com\/zh-hans\/plan-du-site\/\",\"name\":\"Site map - Europlasma Industries, proc\u00e9d\u00e9s industriels hautes temp\u00e9ratures\",\"isPartOf\":{\"@id\":\"https:\/\/europlasma-industries.com\/#website\"},\"primaryImageOfPage\":{\"@id\":\"https:\/\/europlasma-industries.com\/zh-hans\/plan-du-site\/#primaryimage\"},\"datePublished\":\"2017-12-11T11:02:54+00:00\",\"dateModified\":\"2018-01-18T12:57:18+00:00\",\"breadcrumb\":{\"@id\":\"https:\/\/europlasma-industries.com\/zh-hans\/plan-du-site\/#breadcrumb\"},\"inLanguage\":\"zh-CN\",\"potentialAction\":[{\"@type\":\"ReadAction\",\"target\":[\"https:\/\/europlasma-industries.com\/zh-hans\/plan-du-site\/\"]}]},{\"@type\":\"BreadcrumbList\",\"@id\":\"https:\/\/europlasma-industries.com\/zh-hans\/plan-du-site\/#breadcrumb\",\"itemListElement\":[{\"@type\":\"ListItem\",\"position\":1,\"name\":\"Accueil\",\"item\":\"https:\/\/europlasma-industries.com\/zh-hans\/\"},{\"@type\":\"ListItem\",\"position\":2,\"name\":\"Site map\"}]}]}<\/script>\n<!-- \/ Yoast SEO plugin. -->","yoast_head_json":{"title":"Site map - Europlasma Industries, proc\u00e9d\u00e9s industriels hautes temp\u00e9ratures","robots":{"index":"index","follow":"follow","max-snippet":"max-snippet:-1","max-image-preview":"max-image-preview:large","max-video-preview":"max-video-preview:-1"},"canonical":"https:\/\/europlasma-industries.com\/zh-hans\/plan-du-site\/","og_locale":"zh_CN","og_type":"article","og_title":"Site map - Europlasma Industries, proc\u00e9d\u00e9s industriels hautes temp\u00e9ratures","og_url":"https:\/\/europlasma-industries.com\/zh-hans\/plan-du-site\/","og_site_name":"Europlasma Industries","article_modified_time":"2018-01-18T12:57:18+00:00","og_image":[{"width":1581,"height":349,"url":"https:\/\/europlasma-industries.com\/wp-content\/uploads\/2017\/12\/europlasma_industries_contact_slider_02.jpg","type":"image\/jpeg"}],"twitter_card":"summary_large_image","schema":{"@context":"https:\/\/schema.org","@graph":[{"@type":"WebSite","@id":"https:\/\/europlasma-industries.com\/#website","url":"https:\/\/europlasma-industries.com\/","name":"Europlasma Industries","description":"proc\u00e9d\u00e9s industriels hautes temp\u00e9ratures","potentialAction":[{"@type":"SearchAction","target":{"@type":"EntryPoint","urlTemplate":"https:\/\/europlasma-industries.com\/?s={search_term_string}"},"query-input":"required name=search_term_string"}],"inLanguage":"zh-CN"},{"@type":"ImageObject","@id":"https:\/\/europlasma-industries.com\/zh-hans\/plan-du-site\/#primaryimage","inLanguage":"zh-CN","url":"https:\/\/europlasma-industries.com\/wp-content\/uploads\/2017\/12\/europlasma_industries_contact_slider_02.jpg","contentUrl":"https:\/\/europlasma-industries.com\/wp-content\/uploads\/2017\/12\/europlasma_industries_contact_slider_02.jpg","width":1581,"height":349,"caption":"Europlasma Industries"},{"@type":"WebPage","@id":"https:\/\/europlasma-industries.com\/zh-hans\/plan-du-site\/#webpage","url":"https:\/\/europlasma-industries.com\/zh-hans\/plan-du-site\/","name":"Site map - Europlasma Industries, proc\u00e9d\u00e9s industriels hautes temp\u00e9ratures","isPartOf":{"@id":"https:\/\/europlasma-industries.com\/#website"},"primaryImageOfPage":{"@id":"https:\/\/europlasma-industries.com\/zh-hans\/plan-du-site\/#primaryimage"},"datePublished":"2017-12-11T11:02:54+00:00","dateModified":"2018-01-18T12:57:18+00:00","breadcrumb":{"@id":"https:\/\/europlasma-industries.com\/zh-hans\/plan-du-site\/#breadcrumb"},"inLanguage":"zh-CN","potentialAction":[{"@type":"ReadAction","target":["https:\/\/europlasma-industries.com\/zh-hans\/plan-du-site\/"]}]},{"@type":"BreadcrumbList","@id":"https:\/\/europlasma-industries.com\/zh-hans\/plan-du-site\/#breadcrumb","itemListElement":[{"@type":"ListItem","position":1,"name":"Accueil","item":"https:\/\/europlasma-industries.com\/zh-hans\/"},{"@type":"ListItem","position":2,"name":"Site map"}]}]}},"_links":{"self":[{"href":"https:\/\/europlasma-industries.com\/zh-hans\/wp-json\/wp\/v2\/pages\/281"}],"collection":[{"href":"https:\/\/europlasma-industries.com\/zh-hans\/wp-json\/wp\/v2\/pages"}],"about":[{"href":"https:\/\/europlasma-industries.com\/zh-hans\/wp-json\/wp\/v2\/types\/page"}],"author":[{"embeddable":true,"href":"https:\/\/europlasma-industries.com\/zh-hans\/wp-json\/wp\/v2\/users\/1"}],"replies":[{"embeddable":true,"href":"https:\/\/europlasma-industries.com\/zh-hans\/wp-json\/wp\/v2\/comments?post=281"}],"version-history":[{"count":1,"href":"https:\/\/europlasma-industries.com\/zh-hans\/wp-json\/wp\/v2\/pages\/281\/revisions"}],"predecessor-version":[{"id":284,"href":"https:\/\/europlasma-industries.com\/zh-hans\/wp-json\/wp\/v2\/pages\/281\/revisions\/284"}],"wp:featuredmedia":[{"embeddable":true,"href":"https:\/\/europlasma-industries.com\/zh-hans\/wp-json\/wp\/v2\/media\/73"}],"wp:attachment":[{"href":"https:\/\/europlasma-industries.com\/zh-hans\/wp-json\/wp\/v2\/media?parent=281"}],"curies":[{"name":"wp","href":"https:\/\/api.w.org\/{rel}","templated":true}]}}